{"id":103,"date":"2023-01-20T12:53:57","date_gmt":"2023-01-20T11:53:57","guid":{"rendered":"https:\/\/www.sg-hamburg-west.de\/wordpress\/?page_id=103"},"modified":"2023-01-23T10:39:22","modified_gmt":"2023-01-23T09:39:22","slug":"training","status":"publish","type":"page","link":"https:\/\/www.sg-hamburg-west.de\/wordpress\/training\/","title":{"rendered":"Training"},"content":{"rendered":"\n<h2 class=\"wp-block-heading\">Trainingsphilosophie<\/h2>\n\n\n\n<p>Schwimmen und die Bewegung im Wasser kann sehr leicht von der Hand gehen und viel Freude machen \u2013 wenn es denn richtig erlernt wurde. Andernfalls kann schnell jeder geschwommene Meter zur Qual werden.<br>Unser Ziel ist es, den Kindern im Laufe ihrer Ausbildung die Freude am Schwimmen zu vermitteln und sie f\u00fcr diese fantastische Sportart in einem anfangs v\u00f6llig unbekannten Medium zu begeistern. Jeder Sportler soll nach seinen W\u00fcnschen und seinem K\u00f6nnen gef\u00f6rdert und gefordert werden \u2013 sodass keine Langeweile aufkommt und jede \u00dcbungsstunde neue Reize bietet.<br>Dabei arbeiten wir ab der Saison 2014\/2015 nach einer vereins\u00fcbergreifenden, einheitlichen Konzeption, die sich an den Vorgaben des Hamburger Schwimmverbandes und des DSV orientiert. Damit erleichtern wir den Sportlern das Eingew\u00f6hnen in eine neue Gruppe und geben unseren Trainern eine klare Anleitung an die Hand.<br>So hoffen wir, m\u00f6glichst alle Kinder und Jugendlichen lange f\u00fcr diese trainingsintensive und faszinierende Sportart begeistern zu k\u00f6nnen und ihnen eine sch\u00f6ne Zeit zu bereiten.<\/p>\n\n\n\n<p>Je nach Wohnort bieten wir Training in den\u00a0<a href=\"https:\/\/www.sg-hamburg-west.de\/wordpress\/hallenbad-blankenese\/\" data-type=\"page\" data-id=\"149\">Schwimmhallen Blankenese<\/a>,\u00a0<a href=\"https:\/\/www.sg-hamburg-west.de\/wordpress\/freizeitbad-bondenwald\/\" data-type=\"page\" data-id=\"150\">dem Sportbecken des Freizeitbades Bondenwald<\/a>\u00a0oder\u00a0<a href=\"https:\/\/www.sg-hamburg-west.de\/wordpress\/hallenbad-st-pauli\/\" data-type=\"page\" data-id=\"151\">im Hallenbad St. Pauli<\/a>\u00a0an.<\/p>\n\n\n\n<p>Eine \u00dcbersicht \u00fcber die Trainingsgruppen finden sie hier ->\u00a0<a href=\"https:\/\/www.sg-hamburg-west.de\/wordpress\/trainingsgruppen\/\" data-type=\"page\" data-id=\"140\">Trainingsgruppen<\/a><\/p>\n","protected":false},"excerpt":{"rendered":"<p>Trainingsphilosophie Schwimmen und die Bewegung im Wasser kann sehr leicht von der Hand gehen und viel Freude machen \u2013 wenn es denn richtig erlernt wurde. Andernfalls kann schnell jeder geschwommene [&hellip;]<\/p>\n","protected":false},"author":1,"featured_media":0,"parent":0,"menu_order":0,"comment_status":"closed","ping_status":"closed","template":"","meta":{"footnotes":""},"class_list":["post-103","page","type-page","status-publish","hentry"],"_links":{"self":[{"href":"https:\/\/www.sg-hamburg-west.de\/wordpress\/wp-json\/wp\/v2\/pages\/103","targetHints":{"allow":["GET"]}}],"collection":[{"href":"https:\/\/www.sg-hamburg-west.de\/wordpress\/wp-json\/wp\/v2\/pages"}],"about":[{"href":"https:\/\/www.sg-hamburg-west.de\/wordpress\/wp-json\/wp\/v2\/types\/page"}],"author":[{"embeddable":true,"href":"https:\/\/www.sg-hamburg-west.de\/wordpress\/wp-json\/wp\/v2\/users\/1"}],"replies":[{"embeddable":true,"href":"https:\/\/www.sg-hamburg-west.de\/wordpress\/wp-json\/wp\/v2\/comments?post=103"}],"version-history":[{"count":2,"href":"https:\/\/www.sg-hamburg-west.de\/wordpress\/wp-json\/wp\/v2\/pages\/103\/revisions"}],"predecessor-version":[{"id":408,"href":"https:\/\/www.sg-hamburg-west.de\/wordpress\/wp-json\/wp\/v2\/pages\/103\/revisions\/408"}],"wp:attachment":[{"href":"https:\/\/www.sg-hamburg-west.de\/wordpress\/wp-json\/wp\/v2\/media?parent=103"}],"curies":[{"name":"wp","href":"https:\/\/api.w.org\/{rel}","templated":true}]}}