{"id":119,"date":"2023-01-20T13:46:21","date_gmt":"2023-01-20T12:46:21","guid":{"rendered":"https:\/\/www.sg-hamburg-west.de\/wordpress\/?page_id=119"},"modified":"2023-01-20T13:50:19","modified_gmt":"2023-01-20T12:50:19","slug":"kampfrichter","status":"publish","type":"page","link":"https:\/\/www.sg-hamburg-west.de\/wordpress\/kampfrichter\/","title":{"rendered":"Kampfrichter"},"content":{"rendered":"<div class=\"wp-block-image\">\n<figure class=\"aligncenter size-full\"><img loading=\"lazy\" decoding=\"async\" width=\"695\" height=\"497\" src=\"https:\/\/www.sg-hamburg-west.de\/wordpress\/wp-content\/uploads\/2023\/01\/27173352_10156257323231318_2762645943473123951_o-768x549-1-edited.jpg\" alt=\"\" class=\"wp-image-121\" srcset=\"https:\/\/www.sg-hamburg-west.de\/wordpress\/wp-content\/uploads\/2023\/01\/27173352_10156257323231318_2762645943473123951_o-768x549-1-edited.jpg 695w, https:\/\/www.sg-hamburg-west.de\/wordpress\/wp-content\/uploads\/2023\/01\/27173352_10156257323231318_2762645943473123951_o-768x549-1-edited-300x215.jpg 300w\" sizes=\"auto, (max-width: 695px) 100vw, 695px\" \/><\/figure>\n<\/div>\n\n\n<p>F\u00fcr die Durchf\u00fchrung von Schwimmwettbewerben sind neben einem wettkampfgerechten Schwimmbecken, technischen Hilfsmitteln wie Startbl\u00f6cken, Wellenbrecherleinen usw. auch funktionierende Wettkampfgerichte notwendig.<\/p>\n\n\n\n<p>Wettkampfgerichte bei Schwimmwettbewerben bestehen aus Schiedsrichtern, Schwimmrichtern, Zeitnehmern, Wenderichtern, Zielrichtern, Starter, Sprecher und Protokollf\u00fchrer. Je nach Anzahl der Schwimmbahnen sind dazu schnell mehr als 20 Positionen zu besetzen. Dies ist ohne das Engagement von Eltern und \u00e4lteren Aktiven nicht m\u00f6glich.<\/p>\n\n\n\n<p>Die Mitwirkung im Wettkampfgericht auf einer der verschiedenen Positionen erfordern die Teilnahme an Schulungen. In Hamburg finden regelm\u00e4\u00dfig Schulungen und Fortbildungen statt.<\/p>\n\n\n\n<h4 class=\"wp-block-heading\">Kampfrichter der SG Hamburg-West<\/h4>\n\n\n\n<p>Unsere Startgemeinschaft z\u00e4hlt ca. 55 aktive Kampfrichter. Unsere KR-Obmann ist Thomas Kemmann.<\/p>\n\n\n\n<h4 class=\"has-text-align-left wp-block-heading\">Werde Kampfrichter!<\/h4>\n\n\n\n<p>Wer mehr \u00fcber die interessanten Aufgaben unserer Kampfrichter erfahren m\u00f6chte oder sich zum Kampfrichter ausbilden lassen m\u00f6chte, kann sich an unsere Trainer wenden oder mit unserer KR-Obfrau Kontakt aufnehmen: info(at)sg-hamburg-west.de<\/p>\n\n\n\n<h4 class=\"wp-block-heading\"><strong>Fortbildungen<\/strong><\/h4>\n\n\n\n<p>Folgende Fortbildungsangebote sind 2023 geplant:<\/p>\n\n\n\n<ul class=\"wp-block-list\">\n<li><\/li>\n<\/ul>\n\n\n\n<h4 class=\"wp-block-heading\">J\u00e4hrliche Fortbildung<br><\/h4>\n\n\n\n<ul class=\"wp-block-list\">\n<li><\/li>\n<\/ul>\n\n\n\n<h4 class=\"wp-block-heading\">Versammlung der Kampfrichter<\/h4>\n\n\n\n<p>Die n\u00e4chste Versammlung ist geplant am&#8230;\u00a0<\/p>\n","protected":false},"excerpt":{"rendered":"<p>F\u00fcr die Durchf\u00fchrung von Schwimmwettbewerben sind neben einem wettkampfgerechten Schwimmbecken, technischen Hilfsmitteln wie Startbl\u00f6cken, Wellenbrecherleinen usw. auch funktionierende Wettkampfgerichte notwendig. Wettkampfgerichte bei Schwimmwettbewerben bestehen aus Schiedsrichtern, Schwimmrichtern, Zeitnehmern, Wenderichtern, Zielrichtern, [&hellip;]<\/p>\n","protected":false},"author":1,"featured_media":0,"parent":0,"menu_order":0,"comment_status":"closed","ping_status":"closed","template":"","meta":{"footnotes":""},"class_list":["post-119","page","type-page","status-publish","hentry"],"_links":{"self":[{"href":"https:\/\/www.sg-hamburg-west.de\/wordpress\/wp-json\/wp\/v2\/pages\/119","targetHints":{"allow":["GET"]}}],"collection":[{"href":"https:\/\/www.sg-hamburg-west.de\/wordpress\/wp-json\/wp\/v2\/pages"}],"about":[{"href":"https:\/\/www.sg-hamburg-west.de\/wordpress\/wp-json\/wp\/v2\/types\/page"}],"author":[{"embeddable":true,"href":"https:\/\/www.sg-hamburg-west.de\/wordpress\/wp-json\/wp\/v2\/users\/1"}],"replies":[{"embeddable":true,"href":"https:\/\/www.sg-hamburg-west.de\/wordpress\/wp-json\/wp\/v2\/comments?post=119"}],"version-history":[{"count":2,"href":"https:\/\/www.sg-hamburg-west.de\/wordpress\/wp-json\/wp\/v2\/pages\/119\/revisions"}],"predecessor-version":[{"id":126,"href":"https:\/\/www.sg-hamburg-west.de\/wordpress\/wp-json\/wp\/v2\/pages\/119\/revisions\/126"}],"wp:attachment":[{"href":"https:\/\/www.sg-hamburg-west.de\/wordpress\/wp-json\/wp\/v2\/media?parent=119"}],"curies":[{"name":"wp","href":"https:\/\/api.w.org\/{rel}","templated":true}]}}