{"id":127,"date":"2023-01-20T13:54:12","date_gmt":"2023-01-20T12:54:12","guid":{"rendered":"https:\/\/www.sg-hamburg-west.de\/wordpress\/?page_id=127"},"modified":"2023-01-20T13:54:14","modified_gmt":"2023-01-20T12:54:14","slug":"foerderverein","status":"publish","type":"page","link":"https:\/\/www.sg-hamburg-west.de\/wordpress\/foerderverein\/","title":{"rendered":"F\u00f6rderverein"},"content":{"rendered":"<div class=\"wp-block-image\">\n<figure class=\"aligncenter size-full is-resized\"><img loading=\"lazy\" decoding=\"async\" src=\"https:\/\/www.sg-hamburg-west.de\/wordpress\/wp-content\/uploads\/2023\/01\/22212_10153342394931318_8156818866098844279_n-edited.jpg\" alt=\"\" class=\"wp-image-129\" width=\"549\" height=\"430\" srcset=\"https:\/\/www.sg-hamburg-west.de\/wordpress\/wp-content\/uploads\/2023\/01\/22212_10153342394931318_8156818866098844279_n-edited.jpg 340w, https:\/\/www.sg-hamburg-west.de\/wordpress\/wp-content\/uploads\/2023\/01\/22212_10153342394931318_8156818866098844279_n-edited-300x235.jpg 300w\" sizes=\"auto, (max-width: 549px) 100vw, 549px\" \/><\/figure>\n<\/div>\n\n\n<p>Wettk\u00e4mpfe, Trainingslager und Sommerreisen kosten viel Geld. Die Beitr\u00e4ge unserer Aktiven und die finanzielle Unterst\u00fctzung unsere Vereine macht vieles m\u00f6glich. Aber wir haben noch viele Ideen\u2026\u00a0<\/p>\n\n\n\n<p>Wir sind auf der Suche nach Eltern und Aktiven, die f\u00fcr unsere Startgemeinschaft einen F\u00f6rderverein gr\u00fcnden und mit Leben erf\u00fcllen m\u00f6chten.<\/p>\n\n\n\n<p>Meldet Euch: info(at)sg-hamburg-west.de<\/p>\n","protected":false},"excerpt":{"rendered":"<p>Wettk\u00e4mpfe, Trainingslager und Sommerreisen kosten viel Geld. Die Beitr\u00e4ge unserer Aktiven und die finanzielle Unterst\u00fctzung unsere Vereine macht vieles m\u00f6glich. Aber wir haben noch viele Ideen\u2026\u00a0 Wir sind auf der [&hellip;]<\/p>\n","protected":false},"author":1,"featured_media":0,"parent":0,"menu_order":0,"comment_status":"closed","ping_status":"closed","template":"","meta":{"footnotes":""},"class_list":["post-127","page","type-page","status-publish","hentry"],"_links":{"self":[{"href":"https:\/\/www.sg-hamburg-west.de\/wordpress\/wp-json\/wp\/v2\/pages\/127","targetHints":{"allow":["GET"]}}],"collection":[{"href":"https:\/\/www.sg-hamburg-west.de\/wordpress\/wp-json\/wp\/v2\/pages"}],"about":[{"href":"https:\/\/www.sg-hamburg-west.de\/wordpress\/wp-json\/wp\/v2\/types\/page"}],"author":[{"embeddable":true,"href":"https:\/\/www.sg-hamburg-west.de\/wordpress\/wp-json\/wp\/v2\/users\/1"}],"replies":[{"embeddable":true,"href":"https:\/\/www.sg-hamburg-west.de\/wordpress\/wp-json\/wp\/v2\/comments?post=127"}],"version-history":[{"count":1,"href":"https:\/\/www.sg-hamburg-west.de\/wordpress\/wp-json\/wp\/v2\/pages\/127\/revisions"}],"predecessor-version":[{"id":130,"href":"https:\/\/www.sg-hamburg-west.de\/wordpress\/wp-json\/wp\/v2\/pages\/127\/revisions\/130"}],"wp:attachment":[{"href":"https:\/\/www.sg-hamburg-west.de\/wordpress\/wp-json\/wp\/v2\/media?parent=127"}],"curies":[{"name":"wp","href":"https:\/\/api.w.org\/{rel}","templated":true}]}}