{"id":133,"date":"2023-01-20T13:59:11","date_gmt":"2023-01-20T12:59:11","guid":{"rendered":"https:\/\/www.sg-hamburg-west.de\/wordpress\/?page_id=133"},"modified":"2025-02-03T15:52:47","modified_gmt":"2025-02-03T14:52:47","slug":"ueber-uns","status":"publish","type":"page","link":"https:\/\/www.sg-hamburg-west.de\/wordpress\/ueber-uns\/","title":{"rendered":"\u00dcber uns"},"content":{"rendered":"\n<p>Die SG Hamburg-West ist ein Zusammenschluss der Schwimmabteilungen des\u00a0<a href=\"http:\/\/atsv1899.de\/\" target=\"_blank\" rel=\"noreferrer noopener\">ATSV<\/a>,\u00a0<a href=\"http:\/\/www.etv-hamburg.de\/\" target=\"_blank\" rel=\"noreferrer noopener\">ETV<\/a>,\u00a0<a href=\"http:\/\/www.hsvschwimmen.de\/\" target=\"_blank\" rel=\"noreferrer noopener\">HSV<\/a> und\u00a0<a href=\"http:\/\/www.htb62.de\/\" target=\"_blank\" rel=\"noreferrer noopener\">HTB 62<\/a>. Das bedeutet, dass alle Schwimmer dieser Vereine bei Wettk\u00e4mpfen f\u00fcr die SG Hamburg-West an den Start gehen.<\/p>\n\n\n\n<p>Die leistungsst\u00e4rksten Kinder und Jugendlichen dieser f\u00fcnf Vereine trainieren gemeinsam in der \u201cLeistungsgruppe\u201d. An bis zu&nbsp;<a href=\"https:\/\/www.sg-hamburg-west.de\/wordpress\/leistungsgruppe\/\" data-type=\"page\" data-id=\"158\">sechs Tagen pro Woche<\/a>&nbsp;bereiten sie sich auf die H\u00f6hepunkte der Saison vor. Dazu z\u00e4hlen Starts bei gro\u00dfen Schwimmfesten wie dem internationalen Winter-Meeting in Bremen sowie die Teilnahme an den Hamburger Meisterschaften, den Norddeutschen Meisterschaften und den deutschen Jahrgangsmeisterschaften. Regelm\u00e4\u00dfig qualifizieren sich einzelne Sportler auch f\u00fcr die offenen Deutsche Meisterschaften.<\/p>\n\n\n\n<p>Besonders talentierte Sportler unserer SG trainieren am Olympiast\u00fctzpunkt Hamburg\/ Schleswig-Holstein und besuchen die dortige Eliteschule des Sports.<\/p>\n\n\n\n<p>Unabh\u00e4ngig davon bieten die einzelnen Vereine Schwimmtraining f\u00fcr jede Alters- und Leistungsklasse an. Von den ersten Versuchen im Wasser beim Seepferdchenkurs bis hin zu einem wettkampforientierten Training f\u00fcr Erwachsene.<\/p>\n\n\n\n<p>F\u00fcr erwachsene Schwimmbegeisterte bietet die SG Hamburg-West mehrere Zeiten an. Hier d\u00fcrfen sich sowohl Freizeit- als auch Wettkampfsportler angesprochen f\u00fchlen.<\/p>\n","protected":false},"excerpt":{"rendered":"<p>Die SG Hamburg-West ist ein Zusammenschluss der Schwimmabteilungen des\u00a0ATSV,\u00a0ETV,\u00a0HSV und\u00a0HTB 62. Das bedeutet, dass alle Schwimmer dieser Vereine bei Wettk\u00e4mpfen f\u00fcr die SG Hamburg-West an den Start gehen. Die leistungsst\u00e4rksten [&hellip;]<\/p>\n","protected":false},"author":1,"featured_media":0,"parent":0,"menu_order":0,"comment_status":"closed","ping_status":"closed","template":"","meta":{"footnotes":""},"class_list":["post-133","page","type-page","status-publish","hentry"],"_links":{"self":[{"href":"https:\/\/www.sg-hamburg-west.de\/wordpress\/wp-json\/wp\/v2\/pages\/133","targetHints":{"allow":["GET"]}}],"collection":[{"href":"https:\/\/www.sg-hamburg-west.de\/wordpress\/wp-json\/wp\/v2\/pages"}],"about":[{"href":"https:\/\/www.sg-hamburg-west.de\/wordpress\/wp-json\/wp\/v2\/types\/page"}],"author":[{"embeddable":true,"href":"https:\/\/www.sg-hamburg-west.de\/wordpress\/wp-json\/wp\/v2\/users\/1"}],"replies":[{"embeddable":true,"href":"https:\/\/www.sg-hamburg-west.de\/wordpress\/wp-json\/wp\/v2\/comments?post=133"}],"version-history":[{"count":3,"href":"https:\/\/www.sg-hamburg-west.de\/wordpress\/wp-json\/wp\/v2\/pages\/133\/revisions"}],"predecessor-version":[{"id":648,"href":"https:\/\/www.sg-hamburg-west.de\/wordpress\/wp-json\/wp\/v2\/pages\/133\/revisions\/648"}],"wp:attachment":[{"href":"https:\/\/www.sg-hamburg-west.de\/wordpress\/wp-json\/wp\/v2\/media?parent=133"}],"curies":[{"name":"wp","href":"https:\/\/api.w.org\/{rel}","templated":true}]}}