{"id":140,"date":"2023-01-20T14:03:40","date_gmt":"2023-01-20T13:03:40","guid":{"rendered":"https:\/\/www.sg-hamburg-west.de\/wordpress\/?page_id=140"},"modified":"2026-02-15T22:12:20","modified_gmt":"2026-02-15T21:12:20","slug":"trainingsgruppen","status":"publish","type":"page","link":"https:\/\/www.sg-hamburg-west.de\/wordpress\/trainingsgruppen\/","title":{"rendered":"Trainingsgruppen"},"content":{"rendered":"\n<figure class=\"wp-block-image size-full\"><img loading=\"lazy\" decoding=\"async\" width=\"855\" height=\"455\" src=\"https:\/\/www.sg-hamburg-west.de\/wordpress\/wp-content\/uploads\/2023\/01\/Teamfoto-2.jpg\" alt=\"\" class=\"wp-image-251\" srcset=\"https:\/\/www.sg-hamburg-west.de\/wordpress\/wp-content\/uploads\/2023\/01\/Teamfoto-2.jpg 855w, https:\/\/www.sg-hamburg-west.de\/wordpress\/wp-content\/uploads\/2023\/01\/Teamfoto-2-300x160.jpg 300w, https:\/\/www.sg-hamburg-west.de\/wordpress\/wp-content\/uploads\/2023\/01\/Teamfoto-2-768x409.jpg 768w\" sizes=\"auto, (max-width: 855px) 100vw, 855px\" \/><\/figure>\n\n\n\n<p>Herzlich willkommen auf der \u00dcbersichtsseite unserer Trainingsgruppen. Wir bieten an mehreren&nbsp;<a href=\"http:\/\/www.sg-hamburg-west.de\/training\/trainingsorte\/\">Trainingsorten<\/a>&nbsp;im Westen Hamburgs die M\u00f6glichkeit, mit Gleichgesinnten in allen Altersgruppen und Leistungsniveaus zu schwimmen und die Fertigkeiten im Breitensport, Mastersport oder dem Wettkampfsport zu verbessern.&nbsp;<\/p>\n\n\n\n<h4 class=\"wp-block-heading\">Struktur der Trainingsgruppen<\/h4>\n\n\n\n<p>Unsere Trainingsgruppen organisieren sich nach Alter und Leistungsniveau. Die Seepferdchenausbildung sowie die Schildkr\u00f6tengruppen werden von den jeweiligen Stammvereinen der SG organisiert. Ab der Goldfischgruppe erfolgt das Training in vereins\u00fcbergreifenden Gruppen mit schwimmbegeisterten und wettkampforientierten Sportlerinnen und Sportlern.<\/p>\n\n\n\n<p>F\u00fcr den Breiten- bzw. Freizeitsport mit je einmal pro Woche Training bieten wir ebenfalls diverse Gruppen an. Allerdings sind die Trainingsm\u00f6glichkeiten stark limitiert.<\/p>\n\n\n\n<figure class=\"wp-block-table\"><table><tbody><tr><td>Seepferdchen<\/td><td>Kinder 5-7 Jahre. Erlernen der Grundfertigkeiten im Schwimmen, Tauchen usw.&nbsp;<br>-&gt; erfolgreicher Abschluss mit dem Seepferdchen-Abzeichen.<\/td><\/tr><tr><td>Schildkr\u00f6ten<\/td><td>Kinder 6-8 Jahre. Schwimmen im tiefen Becken, Teilnahme an zwei kindgerechten Wettk\u00e4mpfen pro Jahr m\u00f6glich.<br><br>ein- bis zweimal Training pro Woche<\/td><\/tr><tr><td>Goldfische<\/td><td>Kinder 7-9 Jahre. Intensive schwimmtechnische Ausbildung im Schwimmsport, Teilnahme an Nachwuchs- und Sichtungswettk\u00e4mpfen. Landtraining. 2x90min Trainingsdauer\/Woche.&nbsp;<br><br>zweimal Training pro Woche<\/td><\/tr><tr><td>Delphine<\/td><td>Kinder 8-11 Jahre. Vereins\u00fcbergreifende Training, Teilnahme an Trainingslagern und Wettk\u00e4mpfen, z.Bsp. DMS-J in Hamburg. Bis zu 3x90min Trainingsdauer\/Woche.&nbsp;<br><br>zwei- bis dreimal Training pro Woche<\/td><\/tr><tr><td>Haie<\/td><td>Kinder 10-13 Jahre. Regelm\u00e4\u00dfiges Training, M\u00f6glichkeit zur Qualifikation f\u00fcr die ersten Hamburger Meisterschaften. J\u00e4hrlich zwei Trainingslager, regelm\u00e4\u00dfige Teilnahme an Wettk\u00e4mpfen. Bis zu 3x90min Trainingsdauer\/Woche.<br><br>dreimal Training pro Woche<\/td><\/tr><tr><td>Leistungsgruppe<\/td><td>Jugendliche 12-18 Jahre. Intensives, wettkampforientiertes Training, mindestens 3x w\u00f6chentlich. Teilnahme an nationalen und internationalen Wettk\u00e4mpfen. Mehrere Trainingslager. Bis zu 6x w\u00f6chentliches Training m\u00f6glich.<br><br>vier- bis sechsmal Training pro Woche<\/td><\/tr><tr><td>Sportmannschaft<\/td><td>Leistungsorientierte Jugendliche und Masters (18 bis 40 Jahre) k\u00f6nnen sich in unserer Sportmannschaft auf nationale und internationale H\u00f6hepunkte vorbereiten.<br><br>dreimal Training pro Woche<\/td><\/tr><tr><td>Masters<\/td><td>Erwachsene 18+ Jahre. Trainingsm\u00f6glichkeiten an allen drei Trainingsorten, Teilnahme an Masters Wettbewerben in Hamburg, national und international m\u00f6glich.<br>Mastersgruppen gibt es f\u00fcr jedes Alter. Unsere \u00e4ltesten Sportler (die zum Teil noch Wettk\u00e4mpofe schwimemn) sind \u00fcber 85 Jahre.&nbsp;<br><br>ein- bis zweimal Training pro Woche<\/td><\/tr><tr><td>Breitensport<\/td><td>Kinder und Jugendliche denen einmal Training pro Woche zur Erreichung ihrer Ziele gen\u00fcgt k\u00f6nnen in allen Hallen an Breitensportgruppen teilnehmen. Das Training dauert zwischen 45 und 60 Minuten. Eine Wettkampfteilnahme ist nicht erforderlich.<br><br>einmal Training pro Woche<\/td><\/tr><\/tbody><\/table><figcaption class=\"wp-element-caption\">Stand Juli 2024<\/figcaption><\/figure>\n\n\n\n<p>Au\u00dferdem gibt es Schwimmzeiten f\u00fcr Wasserball und Aquaball-Gruppen.<\/p>\n\n\n\n<p>Nachwuchsschema (Beispiel Blankenese)<\/p>\n\n\n\n<figure class=\"wp-block-image size-full\"><img loading=\"lazy\" decoding=\"async\" width=\"1024\" height=\"192\" src=\"https:\/\/www.sg-hamburg-west.de\/wordpress\/wp-content\/uploads\/2023\/01\/Gruppenschema1-1024x192-1.jpg\" alt=\"\" class=\"wp-image-265\" srcset=\"https:\/\/www.sg-hamburg-west.de\/wordpress\/wp-content\/uploads\/2023\/01\/Gruppenschema1-1024x192-1.jpg 1024w, https:\/\/www.sg-hamburg-west.de\/wordpress\/wp-content\/uploads\/2023\/01\/Gruppenschema1-1024x192-1-300x56.jpg 300w, https:\/\/www.sg-hamburg-west.de\/wordpress\/wp-content\/uploads\/2023\/01\/Gruppenschema1-1024x192-1-768x144.jpg 768w\" sizes=\"auto, (max-width: 1024px) 100vw, 1024px\" \/><\/figure>\n\n\n\n<h4 class=\"wp-block-heading\">Anfragen f\u00fcr ein Probetraining<\/h4>\n\n\n\n<p>Unsere Trainerinnen und Trainer laden Interessierte gerne zu einem Probetraining ein. Um z\u00fcgig auf Fragen antworten zu k\u00f6nnen, ben\u00f6tigen wir folgende Informationen (da es sich in 95% aller F\u00e4lle um Anfragen f\u00fcr Kinder handelt, sind die Fragen entsprechend formuliert):<\/p>\n\n\n\n<ul class=\"wp-block-list\">\n<li>Wie hei\u00dft das Kind (Vor- und Nachname)?<\/li>\n\n\n\n<li>Wie alt ist es (genaues Geburtsdatum)?<\/li>\n\n\n\n<li>Kann es schon schwimmen? Was hat es bisher gelernt?<\/li>\n\n\n\n<li>Welche unserer drei\u00a0<a href=\"http:\/\/www.sg-hamburg-west.de\/training\/trainingsorte\/\">Schwimmhallen<\/a>\u00a0kommen in Frage? (Schwimmhalle Blankenese, Schwimmhalle Wandsbek)<\/li>\n<\/ul>\n\n\n\n<p>Anfragen bitte per Email an:&nbsp;&nbsp;<strong>info(at)sg-hamburg-west.de<\/strong><\/p>\n\n\n\n<p>Die jeweiligen Ansprechpartner laden dann zum Probetraining ein und geben alle weitere Informationen.<\/p>\n","protected":false},"excerpt":{"rendered":"<p>Herzlich willkommen auf der \u00dcbersichtsseite unserer Trainingsgruppen. Wir bieten an mehreren&nbsp;Trainingsorten&nbsp;im Westen Hamburgs die M\u00f6glichkeit, mit Gleichgesinnten in allen Altersgruppen und Leistungsniveaus zu schwimmen und die Fertigkeiten im Breitensport, Mastersport [&hellip;]<\/p>\n","protected":false},"author":1,"featured_media":0,"parent":0,"menu_order":0,"comment_status":"closed","ping_status":"closed","template":"","meta":{"footnotes":""},"class_list":["post-140","page","type-page","status-publish","hentry"],"_links":{"self":[{"href":"https:\/\/www.sg-hamburg-west.de\/wordpress\/wp-json\/wp\/v2\/pages\/140","targetHints":{"allow":["GET"]}}],"collection":[{"href":"https:\/\/www.sg-hamburg-west.de\/wordpress\/wp-json\/wp\/v2\/pages"}],"about":[{"href":"https:\/\/www.sg-hamburg-west.de\/wordpress\/wp-json\/wp\/v2\/types\/page"}],"author":[{"embeddable":true,"href":"https:\/\/www.sg-hamburg-west.de\/wordpress\/wp-json\/wp\/v2\/users\/1"}],"replies":[{"embeddable":true,"href":"https:\/\/www.sg-hamburg-west.de\/wordpress\/wp-json\/wp\/v2\/comments?post=140"}],"version-history":[{"count":10,"href":"https:\/\/www.sg-hamburg-west.de\/wordpress\/wp-json\/wp\/v2\/pages\/140\/revisions"}],"predecessor-version":[{"id":690,"href":"https:\/\/www.sg-hamburg-west.de\/wordpress\/wp-json\/wp\/v2\/pages\/140\/revisions\/690"}],"wp:attachment":[{"href":"https:\/\/www.sg-hamburg-west.de\/wordpress\/wp-json\/wp\/v2\/media?parent=140"}],"curies":[{"name":"wp","href":"https:\/\/api.w.org\/{rel}","templated":true}]}}