

{"id":149,"date":"2023-01-20T14:06:48","date_gmt":"2023-01-20T13:06:48","guid":{"rendered":"https:\/\/www.sg-hamburg-west.de\/wordpress\/?page_id=149"},"modified":"2023-04-15T20:56:02","modified_gmt":"2023-04-15T18:56:02","slug":"hallenbad-blankenese","status":"publish","type":"page","link":"https:\/\/www.sg-hamburg-west.de\/wordpress\/hallenbad-blankenese\/","title":{"rendered":"Hallenbad Blankenese"},"content":{"rendered":"\n<figure class=\"wp-block-image size-full\"><img loading=\"lazy\" decoding=\"async\" width=\"1024\" height=\"517\" src=\"https:\/\/www.sg-hamburg-west.de\/wordpress\/wp-content\/uploads\/2023\/01\/Blankenese2-1024x517-1.jpg\" alt=\"\" class=\"wp-image-261\" srcset=\"https:\/\/www.sg-hamburg-west.de\/wordpress\/wp-content\/uploads\/2023\/01\/Blankenese2-1024x517-1.jpg 1024w, https:\/\/www.sg-hamburg-west.de\/wordpress\/wp-content\/uploads\/2023\/01\/Blankenese2-1024x517-1-300x151.jpg 300w, https:\/\/www.sg-hamburg-west.de\/wordpress\/wp-content\/uploads\/2023\/01\/Blankenese2-1024x517-1-768x388.jpg 768w\" sizes=\"auto, (max-width: 1024px) 100vw, 1024px\" \/><figcaption class=\"wp-element-caption\"> <\/figcaption><\/figure>\n\n\n\n<h4 class=\"wp-block-heading\">K<strong>urze Geschichte<\/strong><\/h4>\n\n\n\n<p>Im Hallenbad Blankenese sind der ATSV und der HTB ans\u00e4ssig. Beide Vereine arbeiten hier bereits seit mehrere Jahren erfolgreich unter einem Dach zusammen und geh\u00f6ren zu den Gr\u00fcndungsmitgliedern der SG Hamburg-West.Beide Vereine haben sich bisher seperat der Nachwuchsf\u00f6rderung gewidmet und talentierte und motivierte Schwimmer gef\u00f6rdert und in die Leistungsgruppe entsendet.Ab der Saison 2014\/2015 arbeiten diese beiden Vereine jedoch wesentlich enger zusammen, um die Trainingsm\u00f6glichkeiten besser nutzen zu k\u00f6nnen und die talentierten und motivierten Schwimmer besser f\u00f6rdern zu k\u00f6nnen.<\/p>\n\n\n\n<h4 class=\"wp-block-heading\"><strong>Trainingsangebot<\/strong><\/h4>\n\n\n\n<p>Eine \u00dcbersicht \u00fcber die Trainingsgruppen, sowie deren Trainingszeiten und Trainer findet ihr durch Klick auf die jeweilige Gruppe:<\/p>\n\n\n\n<figure class=\"wp-block-image size-full\"><img loading=\"lazy\" decoding=\"async\" width=\"1024\" height=\"192\" src=\"https:\/\/www.sg-hamburg-west.de\/wordpress\/wp-content\/uploads\/2023\/01\/Gruppenschema1-1024x192-1.jpg\" alt=\"\" class=\"wp-image-265\" srcset=\"https:\/\/www.sg-hamburg-west.de\/wordpress\/wp-content\/uploads\/2023\/01\/Gruppenschema1-1024x192-1.jpg 1024w, https:\/\/www.sg-hamburg-west.de\/wordpress\/wp-content\/uploads\/2023\/01\/Gruppenschema1-1024x192-1-300x56.jpg 300w, https:\/\/www.sg-hamburg-west.de\/wordpress\/wp-content\/uploads\/2023\/01\/Gruppenschema1-1024x192-1-768x144.jpg 768w\" sizes=\"auto, (max-width: 1024px) 100vw, 1024px\" \/><figcaption class=\"wp-element-caption\"> <\/figcaption><\/figure>\n\n\n\n<h4 class=\"wp-block-heading\">Trainingsgruppen<\/h4>\n\n\n\n<ul class=\"wp-block-list\">\n<li><a href=\"https:\/\/www.sg-hamburg-west.de\/wordpress\/seepferdchen-blankenese\/\" data-type=\"page\" data-id=\"268\">Seepferdchen<\/a><\/li>\n\n\n\n<li><a href=\"https:\/\/www.sg-hamburg-west.de\/wordpress\/schildkroete-blankenese\/\" data-type=\"page\" data-id=\"272\">Schildkr\u00f6te<\/a><\/li>\n\n\n\n<li><a href=\"https:\/\/www.sg-hamburg-west.de\/wordpress\/goldfische-blankenese\/\" data-type=\"page\" data-id=\"274\">Goldfisch<\/a><\/li>\n\n\n\n<li><a href=\"https:\/\/www.sg-hamburg-west.de\/wordpress\/delphine-blankenese\/\" data-type=\"page\" data-id=\"275\">Delphin<\/a><\/li>\n\n\n\n<li><a href=\"https:\/\/www.sg-hamburg-west.de\/wordpress\/haie-blankenese\/\" data-type=\"page\" data-id=\"276\">Hai<\/a><\/li>\n<\/ul>\n\n\n\n<h4 class=\"wp-block-heading\">Lage<\/h4>\n\n\n\n<p>Das Hallenbad Blankenese liegt im Hamburger Stadtteil Iserbrook, ca. 10 Fu\u00dfminuten vom S-Bahnhof Blankenese in der Simrockstra\u00dfe 45, 22589 Hamburg.<\/p>\n\n\n\n        <div id=\"map_ol3js_1\"\n             class=\"map undefined\"\n             data-map_name=\"undefined\"\n             data-map=\"map_ol3js_1\"\n             style=\"width:100%;\n                    max-width:100%;\n                    height:450px;\n                    display:block;\n                    overflow:hidden;\n                    border:2px solid grey;\">\n          <div id=\"map_ol3js_1_popup\" class=\"ol-popup\">\n            <a href=\"#\" id=\"map_ol3js_1_popup-closer\" class=\"ol-popup-closer\"><\/a>\n            <div id=\"map_ol3js_1_popup-content\"><\/div>\n          <\/div>\n        <\/div>\n    \n\n\t\t\t\t<script type=\"text\/javascript\">\n\t\t\t\t\ttranslations['openlayer'] = \"open layer\";\n\t\t\t\t\ttranslations['openlayerAtStartup'] = \"open layer at startup\";\n\t\t\t\t\ttranslations['generateLink'] = \"Der Link zur Karte mit ausgew\u00e4hlten Overlays und angezeigtem Ausschnitt\";\n\t\t\t\t\ttranslations['shortDescription'] = \"Kurzbeschreibung\";\n\t\t\t\t\ttranslations['generatedShortCode'] = \"to get a text control link paste this code in your wordpress editor\";\n\t\t\t\t\ttranslations['closeLayer'] = \"close layer\";\n\t\t\t\t\ttranslations['cantGenerateLink'] = \"put this string in the existing map short code to control this map\";\n\t\t\t  <\/script>\n\n\n\t\t\t  <script type=\"text\/javascript\">\n\t\t\t  vectorM['map_ol3js_1'] = [];\n\t        \n        var raster = getTileLayer(\"osm\",\"NoKey\");\t\t\t\n\n\t\t\t  var map_ol3js_1 = new ol.Map({\n\t\t\t\tinteractions: ol.interaction.defaults.defaults({mouseWheelZoom:false}),\n\t\t\t\tlayers: [raster],\n\t\t\t\ttarget: \"map_ol3js_1\",\n\t\t\t\tview: new ol.View({\n\t\t\t\t  center: ol.proj.transform([9.8225,53.5662], \"EPSG:4326\", \"EPSG:3857\"),\n\t\t\t\t  zoom: 14\n\t\t\t\t})\n\t\t\t  });\n\t\t\t  addControls2Map(map_ol3js_1,0,0,3,0,5,6,7,0,1);\nosm_addPopupClickhandler(map_ol3js_1,  \"map_ol3js_1\"); \nosm_addMouseHover(map_ol3js_1); <\/script>\n\n\n\n<h4 class=\"wp-block-heading\">Anfahrt<\/h4>\n\n\n\n<p><strong>S-Bahn:<\/strong>&nbsp;Mit der S1 oder S11 bis zur Haltestelle Blankenese und dann zu Fu\u00df ca. 10 Minuten<\/p>\n\n\n\n<p><strong>Auto:<\/strong>&nbsp;Aus der Innenstadt oder von der Autobahn (A7) kommend die Osdorfer Landstra\u00dfe entlangfahren und direkt nach der Reichspr\u00e4sident-Ebert-Kaserne links abbiegen in die Schenefelder Landstra\u00dfe. Dann die dritte Kreuzung rechts (Schenefelder Diek) und direkt links in die Simrockstra\u00dfe.<\/p>\n\n\n\n<h4 class=\"wp-block-heading\">Weblink<\/h4>\n\n\n\n<p><a href=\"https:\/\/www.baederland.de\/bad\/blankenese.html\">https:\/\/www.baederland.de\/bad\/blankenese.html<\/a><\/p>\n\n\n\n<p><\/p>\n","protected":false},"excerpt":{"rendered":"<p>Kurze Geschichte Im Hallenbad Blankenese sind der ATSV und der HTB ans\u00e4ssig. Beide Vereine arbeiten hier bereits seit mehrere Jahren erfolgreich unter einem Dach zusammen und geh\u00f6ren zu den Gr\u00fcndungsmitgliedern [&hellip;]<\/p>\n","protected":false},"author":1,"featured_media":0,"parent":0,"menu_order":0,"comment_status":"closed","ping_status":"closed","template":"","meta":{"footnotes":""},"class_list":["post-149","page","type-page","status-publish","hentry"],"_links":{"self":[{"href":"https:\/\/www.sg-hamburg-west.de\/wordpress\/wp-json\/wp\/v2\/pages\/149","targetHints":{"allow":["GET"]}}],"collection":[{"href":"https:\/\/www.sg-hamburg-west.de\/wordpress\/wp-json\/wp\/v2\/pages"}],"about":[{"href":"https:\/\/www.sg-hamburg-west.de\/wordpress\/wp-json\/wp\/v2\/types\/page"}],"author":[{"embeddable":true,"href":"https:\/\/www.sg-hamburg-west.de\/wordpress\/wp-json\/wp\/v2\/users\/1"}],"replies":[{"embeddable":true,"href":"https:\/\/www.sg-hamburg-west.de\/wordpress\/wp-json\/wp\/v2\/comments?post=149"}],"version-history":[{"count":5,"href":"https:\/\/www.sg-hamburg-west.de\/wordpress\/wp-json\/wp\/v2\/pages\/149\/revisions"}],"predecessor-version":[{"id":516,"href":"https:\/\/www.sg-hamburg-west.de\/wordpress\/wp-json\/wp\/v2\/pages\/149\/revisions\/516"}],"wp:attachment":[{"href":"https:\/\/www.sg-hamburg-west.de\/wordpress\/wp-json\/wp\/v2\/media?parent=149"}],"curies":[{"name":"wp","href":"https:\/\/api.w.org\/{rel}","templated":true}]}}