

{"id":151,"date":"2023-01-20T14:06:48","date_gmt":"2023-01-20T13:06:48","guid":{"rendered":"https:\/\/www.sg-hamburg-west.de\/wordpress\/?page_id=151"},"modified":"2026-02-15T21:10:44","modified_gmt":"2026-02-15T20:10:44","slug":"hallenbad-st-pauli","status":"publish","type":"page","link":"https:\/\/www.sg-hamburg-west.de\/wordpress\/hallenbad-st-pauli\/","title":{"rendered":"Hallenbad St.Pauli (derzeit geschlossen)"},"content":{"rendered":"\n<figure class=\"wp-block-image size-full is-resized\"><img loading=\"lazy\" decoding=\"async\" src=\"https:\/\/www.sg-hamburg-west.de\/wordpress\/wp-content\/uploads\/2023\/01\/St.-Pauli1-e1405940770371.jpg\" alt=\"\" class=\"wp-image-259\" width=\"831\" height=\"460\" srcset=\"https:\/\/www.sg-hamburg-west.de\/wordpress\/wp-content\/uploads\/2023\/01\/St.-Pauli1-e1405940770371.jpg 370w, https:\/\/www.sg-hamburg-west.de\/wordpress\/wp-content\/uploads\/2023\/01\/St.-Pauli1-e1405940770371-300x166.jpg 300w\" sizes=\"auto, (max-width: 831px) 100vw, 831px\" \/><figcaption class=\"wp-element-caption\">Hallenbad St. Pauli<\/figcaption><\/figure>\n\n\n\n<h4 class=\"wp-block-heading\">Kurze Geschichte<\/h4>\n\n\n\n<p>Im Hallenbad St. Pauli trainieren der ATSV, der ETV, der HSV und der HTB gemeinsam unter einem Dach. W\u00e4hrend der ETV seit einigen Jahren seine Nichtschwimmerausbildung in der Schwimmschule Turmweg betreibt, bieten der HTB und der ATSV eine solide Schwimmausbildung von Klein-auf an. Der HSV hingegen widmet sich den Quereinsteigern.<\/p>\n\n\n\n<p>Das Hallenbad St. Pauli bietet jedoch nicht nur den Vereinsschwimmern eine Heimat, sondern auch ein Gro\u00dfteil der Trainingszeiten der Leistungsgruppe werden hier angeboten. Montag, Dienstag und Donnerstag Nachmittag sind die besten Schwimmer der SG Hamburg-West hier anzutreffen.<\/p>\n\n\n\n<p>Doch nicht nur die Schwimmer sind hier zuhause, sondern auch die Wasserballer gehen hier ihrer Sportart nach. Am Montag, Mittwoch, Donnerstag und Freitag Abend geh\u00f6rt die Halle dem nassen Ballsport.\u00c4hnlich wie allen anderen hamburger Vereinen k\u00e4mpfen auch die oben genannten Vier um ihre Trainingszeiten und versuchen allen Sportwilligen eine Heimat zu bieten. Damit dies noch besser geschehen kann und die Nachwuchsarbeit auf solidere F\u00fc\u00dfe gestellt wird, werden der ATSV, ETV, HSV und HTB ab der Saison 2014\/2015 noch enger zusammenarbeiten. Dadurch m\u00f6chten wir die Wasserfl\u00e4che, die uns zur Verf\u00fcgung steht effizienter nutzen und den Kindern die Freude am Schwimmen vermitteln.<\/p>\n\n\n\n<h4 class=\"wp-block-heading\">Trainingsangebot<\/h4>\n\n\n\n<p>Eine \u00dcbersicht \u00fcber die Trainingsgruppen, sowie deren Trainingszeiten und Trainer findet ihr durch Klick auf die jeweilige Gruppe.<\/p>\n\n\n\n<figure class=\"wp-block-image size-full\"><img loading=\"lazy\" decoding=\"async\" width=\"1024\" height=\"264\" src=\"https:\/\/www.sg-hamburg-west.de\/wordpress\/wp-content\/uploads\/2023\/01\/Gruppenschema2-1024x264-1.jpg\" alt=\"\" class=\"wp-image-335\" srcset=\"https:\/\/www.sg-hamburg-west.de\/wordpress\/wp-content\/uploads\/2023\/01\/Gruppenschema2-1024x264-1.jpg 1024w, https:\/\/www.sg-hamburg-west.de\/wordpress\/wp-content\/uploads\/2023\/01\/Gruppenschema2-1024x264-1-300x77.jpg 300w, https:\/\/www.sg-hamburg-west.de\/wordpress\/wp-content\/uploads\/2023\/01\/Gruppenschema2-1024x264-1-768x198.jpg 768w\" sizes=\"auto, (max-width: 1024px) 100vw, 1024px\" \/><figcaption class=\"wp-element-caption\">Gruppenstruktur St. Pauli<\/figcaption><\/figure>\n\n\n\n<h4 class=\"wp-block-heading\">Trainingsgruppen<\/h4>\n\n\n\n<ul class=\"wp-block-list\">\n<li><a href=\"https:\/\/www.sg-hamburg-west.de\/wordpress\/seepferdchen-st-pauli\/\" data-type=\"page\" data-id=\"281\">Seepferdchen<\/a><\/li>\n\n\n\n<li><a href=\"https:\/\/www.sg-hamburg-west.de\/wordpress\/schildkroeten-st-pauli\/\" data-type=\"page\" data-id=\"282\">Schildkr\u00f6ten<\/a><\/li>\n\n\n\n<li><a href=\"https:\/\/www.sg-hamburg-west.de\/wordpress\/goldfische-st-pauli\/\" data-type=\"page\" data-id=\"283\">Goldfisch<\/a><\/li>\n\n\n\n<li><a href=\"https:\/\/www.sg-hamburg-west.de\/wordpress\/delphine-st-pauli\/\" data-type=\"page\" data-id=\"284\">Delphine<\/a><\/li>\n\n\n\n<li><a href=\"https:\/\/www.sg-hamburg-west.de\/wordpress\/haie-st-pauli\/\" data-type=\"page\" data-id=\"285\">Haie<\/a><\/li>\n<\/ul>\n\n\n\n<h4 class=\"wp-block-heading\">Wasserball im Hallenbad St. Pauli<\/h4>\n\n\n\n<p>Eine \u00dcbersicht \u00fcber das Wasserball-Angebot in St. Pauli findet ihr auf der<a href=\"http:\/\/www.htb62.de\/\" target=\"_blank\" rel=\"noreferrer noopener\">&nbsp;Homepage<\/a>&nbsp;und&nbsp;<a rel=\"noreferrer noopener\" href=\"https:\/\/www.facebook.com\/htb62Wasserball\" target=\"_blank\">Facebook-Seite<\/a>&nbsp;der HTB Wasserballer und der&nbsp;<a rel=\"noreferrer noopener\" href=\"https:\/\/etv-hamburg.de\/sportarten\/wasserball-aquaball\/\" target=\"_blank\">Homepage<\/a>&nbsp;und&nbsp;<a rel=\"noreferrer noopener\" href=\"https:\/\/www.facebook.com\/ETV.Wasserball\" target=\"_blank\">Facebook-Seite<\/a>&nbsp;der ETV Wasserballerinnen.<\/p>\n\n\n\n<h4 class=\"wp-block-heading\">Lage<\/h4>\n\n\n\n<p>Das Hallenbad St. Pauli liegt direkt neben dem Millerntorstadion, der Heimspielst\u00e4tte des FC St. Pauli in der Budapester Stra\u00dfe 29, 20359 Hamburg.<\/p>\n\n\n\n        <div id=\"map_ol3js_1\"\n             class=\"map undefined\"\n             data-map_name=\"undefined\"\n             data-map=\"map_ol3js_1\"\n             style=\"width:100%;\n                    max-width:100%;\n                    height:450px;\n                    display:block;\n                    overflow:hidden;\n                    border:2px solid grey;\">\n          <div id=\"map_ol3js_1_popup\" class=\"ol-popup\">\n            <a href=\"#\" id=\"map_ol3js_1_popup-closer\" class=\"ol-popup-closer\"><\/a>\n            <div id=\"map_ol3js_1_popup-content\"><\/div>\n          <\/div>\n        <\/div>\n    \n\n\t\t\t\t<script type=\"text\/javascript\">\n\t\t\t\t\ttranslations['openlayer'] = \"open layer\";\n\t\t\t\t\ttranslations['openlayerAtStartup'] = \"open layer at startup\";\n\t\t\t\t\ttranslations['generateLink'] = \"Der Link zur Karte mit ausgew\u00e4hlten Overlays und angezeigtem Ausschnitt\";\n\t\t\t\t\ttranslations['shortDescription'] = \"Kurzbeschreibung\";\n\t\t\t\t\ttranslations['generatedShortCode'] = \"to get a text control link paste this code in your wordpress editor\";\n\t\t\t\t\ttranslations['closeLayer'] = \"close layer\";\n\t\t\t\t\ttranslations['cantGenerateLink'] = \"put this string in the existing map short code to control this map\";\n\t\t\t  <\/script>\n\n\n\t\t\t  <script type=\"text\/javascript\">\n\t\t\t  vectorM['map_ol3js_1'] = [];\n\t        \n        var raster = getTileLayer(\"osm\",\"NoKey\");\t\t\t\n\n\t\t\t  var map_ol3js_1 = new ol.Map({\n\t\t\t\tinteractions: ol.interaction.defaults.defaults({mouseWheelZoom:false}),\n\t\t\t\tlayers: [raster],\n\t\t\t\ttarget: \"map_ol3js_1\",\n\t\t\t\tview: new ol.View({\n\t\t\t\t  center: ol.proj.transform([9.9662,53.5535], \"EPSG:4326\", \"EPSG:3857\"),\n\t\t\t\t  zoom: 14\n\t\t\t\t})\n\t\t\t  });\n\t\t\t  osm_addMarkerLayer(map_ol3js_1,9.966,53.5539,\"https:\/\/www.sg-hamburg-west.de\/wordpress\/wp-content\/plugins\/osm\/icons\/mic_black_swimmer_10.png\",-16,-41,\"<p><\/p>\") ; \naddControls2Map(map_ol3js_1,0,0,3,1,5,6,7,1,1);\nosm_addPopupClickhandler(map_ol3js_1,  \"map_ol3js_1\"); \nosm_addMouseHover(map_ol3js_1); <\/script>\n\n\n\n<h4 class=\"wp-block-heading\">Anfahrt<\/h4>\n\n\n\n<p><strong>U-Bahn:<\/strong>&nbsp;Mit der U3 bis zur Haltestelle St. Pauli, dann Richtung Heiligengeistfeld aussteigen und noch ca. 5 Minuten Fu\u00dfweg.<\/p>\n\n\n\n<h4 class=\"wp-block-heading\">Weblink<\/h4>\n\n\n\n<p><a href=\"https:\/\/www.baederland.de\/bad\/st-pauli.html\">https:\/\/www.baederland.de\/bad\/st-pauli.html<\/a><\/p>\n","protected":false},"excerpt":{"rendered":"<p>Kurze Geschichte Im Hallenbad St. Pauli trainieren der ATSV, der ETV, der HSV und der HTB gemeinsam unter einem Dach. W\u00e4hrend der ETV seit einigen Jahren seine Nichtschwimmerausbildung in der [&hellip;]<\/p>\n","protected":false},"author":1,"featured_media":0,"parent":0,"menu_order":0,"comment_status":"closed","ping_status":"closed","template":"","meta":{"footnotes":""},"class_list":["post-151","page","type-page","status-publish","hentry"],"_links":{"self":[{"href":"https:\/\/www.sg-hamburg-west.de\/wordpress\/wp-json\/wp\/v2\/pages\/151","targetHints":{"allow":["GET"]}}],"collection":[{"href":"https:\/\/www.sg-hamburg-west.de\/wordpress\/wp-json\/wp\/v2\/pages"}],"about":[{"href":"https:\/\/www.sg-hamburg-west.de\/wordpress\/wp-json\/wp\/v2\/types\/page"}],"author":[{"embeddable":true,"href":"https:\/\/www.sg-hamburg-west.de\/wordpress\/wp-json\/wp\/v2\/users\/1"}],"replies":[{"embeddable":true,"href":"https:\/\/www.sg-hamburg-west.de\/wordpress\/wp-json\/wp\/v2\/comments?post=151"}],"version-history":[{"count":7,"href":"https:\/\/www.sg-hamburg-west.de\/wordpress\/wp-json\/wp\/v2\/pages\/151\/revisions"}],"predecessor-version":[{"id":667,"href":"https:\/\/www.sg-hamburg-west.de\/wordpress\/wp-json\/wp\/v2\/pages\/151\/revisions\/667"}],"wp:attachment":[{"href":"https:\/\/www.sg-hamburg-west.de\/wordpress\/wp-json\/wp\/v2\/media?parent=151"}],"curies":[{"name":"wp","href":"https:\/\/api.w.org\/{rel}","templated":true}]}}