{"id":158,"date":"2023-01-20T14:11:32","date_gmt":"2023-01-20T13:11:32","guid":{"rendered":"https:\/\/www.sg-hamburg-west.de\/wordpress\/?page_id=158"},"modified":"2024-07-09T20:40:44","modified_gmt":"2024-07-09T18:40:44","slug":"leistungsgruppe","status":"publish","type":"page","link":"https:\/\/www.sg-hamburg-west.de\/wordpress\/leistungsgruppe\/","title":{"rendered":"Leistungsgruppe"},"content":{"rendered":"\n<figure class=\"wp-block-image size-large is-resized\"><img loading=\"lazy\" decoding=\"async\" width=\"1024\" height=\"756\" src=\"https:\/\/www.sg-hamburg-west.de\/wordpress\/wp-content\/uploads\/2023\/01\/DM2019-1024x756.png\" alt=\"\" class=\"wp-image-331\" style=\"width:840px;height:620px\" srcset=\"https:\/\/www.sg-hamburg-west.de\/wordpress\/wp-content\/uploads\/2023\/01\/DM2019-1024x756.png 1024w, https:\/\/www.sg-hamburg-west.de\/wordpress\/wp-content\/uploads\/2023\/01\/DM2019-300x221.png 300w, https:\/\/www.sg-hamburg-west.de\/wordpress\/wp-content\/uploads\/2023\/01\/DM2019-768x567.png 768w, https:\/\/www.sg-hamburg-west.de\/wordpress\/wp-content\/uploads\/2023\/01\/DM2019.png 1408w\" sizes=\"auto, (max-width: 1024px) 100vw, 1024px\" \/><figcaption class=\"wp-element-caption\">  <\/figcaption><\/figure>\n\n\n\n<h3 class=\"wp-block-heading\">Informationen \u00fcber die Gruppe<\/h3>\n\n\n\n<p><strong>Alter der Sportler:<\/strong>&nbsp;12 &#8211; 18 Jahre (in Ausnahmen auch 11 Jahre)<br><strong>Trainingsangebot:<\/strong>&nbsp;bis zu 6 x w\u00f6chentlich<br><strong>Ziel:<\/strong>&nbsp;Die Leistungsgruppe der SG Hamburg-West gibt es seit \u00fcber 20 Jahren.&nbsp;<\/p>\n\n\n\n<p>\u00dcber 7 Jahre wurde die Gruppe von Andr\u00e9 Engel betreut. Andr\u00e9 ist seit \u00fcber 10 Jahren als Schwimmtrainer t\u00e4tig und seit 2015 im Besitz der A-Lizenz Schwimmen des DSV. Seit September 2017 wird die Leistungsgruppe von Ryzsard Baranszuk trainiert. Ryszard hat in verschiedenen L\u00e4ndern Leistungsgruppen betreut und Sportler zu nationalen und internationalen Meisterschaften gef\u00fchrt.<\/p>\n\n\n\n<p>Eine regelm\u00e4\u00dfige Teilnahme an mindestens 3 Einheiten pro Woche, sowie die regelm\u00e4\u00dfige Teilnahme an Wettk\u00e4mpfen mit dem Saisonziel der Teilnahme an den Hamburger Meisterschaften und Norddeutschen Meisterschaften sind die Grundvoraussetzungen f\u00fcr eine Aufnahme in die Leistungsgruppe.<br>\u00dcberdies sollen die Sportler f\u00fcr die jungen Athleten eine Vorbildfunktion erf\u00fcllen und nach und nach Aufgaben im Verein \u00fcbernehmen. So stehen die Aktiven ebenfalls als Trainer am Beckenrand oder engagieren sich als Kampfrichter.<\/p>\n\n\n\n<p>Bei Fragen einfach eine kurze Nachricht an&nbsp;<strong>info(at)sg-hamburg-west.de<\/strong><\/p>\n\n\n\n<h3 class=\"wp-block-heading\">Trainingszeiten<\/h3>\n\n\n\n<ul class=\"wp-block-list\">\n<li>Die ersten 30 Minuten jeder Trainingseinheit dienen zur Erw\u00e4rmung!<\/li>\n\n\n\n<li>Am Ende jeder Trainingseinheit sind noch 10 Minuten f\u00fcr Dehnung einzuplanen.<\/li>\n<\/ul>\n\n\n\n<figure class=\"wp-block-table\"><table><tbody><tr><th>Tag<\/th><th>Ort<\/th><th>Zeit<\/th><th>Bemerkung<\/th><\/tr><tr><td>Montag<\/td><td><a href=\"https:\/\/www.sg-hamburg-west.de\/wordpress\/hallenbad-st-pauli\/\" data-type=\"page\" data-id=\"151\">Hallenbad St. Pauli<\/a><\/td><td>17:00 &#8211; 18:30<\/td><td>2011 u.\u00e4.<\/td><\/tr><tr><td>Dienstag<\/td><td><a href=\"https:\/\/www.sg-hamburg-west.de\/wordpress\/hallenbad-blankenese\/\" data-type=\"page\" data-id=\"149\">Schwimmbad Blankenese<\/a><\/td><td>19:30 &#8211; 21:30<\/td><td>2011 u.\u00e4.<\/td><\/tr><tr><td>Mittwoch<\/td><td><a href=\"https:\/\/www.sg-hamburg-west.de\/wordpress\/hallenbad-st-pauli\/\" data-type=\"page\" data-id=\"151\">Hallenbad St. Pauli<\/a><\/td><td>18:30 &#8211; 20:00<\/td><td>2011 u.\u00e4.<\/td><\/tr><tr><td>Donnerstag<\/td><td><a href=\"https:\/\/www.sg-hamburg-west.de\/wordpress\/hallenbad-st-pauli\/\" data-type=\"page\" data-id=\"151\">Hallenbad St. Pauli<\/a><\/td><td>17:00 &#8211; 19:00<\/td><td>2011 u.\u00e4.<\/td><\/tr><tr><td>Freitag<\/td><td>Schwimmhalle Blankenese in der F\u00fchrungsakademie der Bundeswehr<\/td><td>18:00 &#8211; 20:00<\/td><td>2011 u.\u00e4.<\/td><\/tr><tr><td>Samstag<\/td><td>Hallenbad Finkenwerder<\/td><td>10:00 &#8211; 12:00<\/td><td>2011 u.\u00e4.<\/td><\/tr><\/tbody><\/table><figcaption class=\"wp-element-caption\">Stand Juli 2024<\/figcaption><\/figure>\n","protected":false},"excerpt":{"rendered":"<p>Informationen \u00fcber die Gruppe Alter der Sportler:&nbsp;12 &#8211; 18 Jahre (in Ausnahmen auch 11 Jahre)Trainingsangebot:&nbsp;bis zu 6 x w\u00f6chentlichZiel:&nbsp;Die Leistungsgruppe der SG Hamburg-West gibt es seit \u00fcber 20 Jahren.&nbsp; \u00dcber [&hellip;]<\/p>\n","protected":false},"author":1,"featured_media":0,"parent":0,"menu_order":0,"comment_status":"closed","ping_status":"closed","template":"","meta":{"footnotes":""},"class_list":["post-158","page","type-page","status-publish","hentry"],"_links":{"self":[{"href":"https:\/\/www.sg-hamburg-west.de\/wordpress\/wp-json\/wp\/v2\/pages\/158","targetHints":{"allow":["GET"]}}],"collection":[{"href":"https:\/\/www.sg-hamburg-west.de\/wordpress\/wp-json\/wp\/v2\/pages"}],"about":[{"href":"https:\/\/www.sg-hamburg-west.de\/wordpress\/wp-json\/wp\/v2\/types\/page"}],"author":[{"embeddable":true,"href":"https:\/\/www.sg-hamburg-west.de\/wordpress\/wp-json\/wp\/v2\/users\/1"}],"replies":[{"embeddable":true,"href":"https:\/\/www.sg-hamburg-west.de\/wordpress\/wp-json\/wp\/v2\/comments?post=158"}],"version-history":[{"count":9,"href":"https:\/\/www.sg-hamburg-west.de\/wordpress\/wp-json\/wp\/v2\/pages\/158\/revisions"}],"predecessor-version":[{"id":614,"href":"https:\/\/www.sg-hamburg-west.de\/wordpress\/wp-json\/wp\/v2\/pages\/158\/revisions\/614"}],"wp:attachment":[{"href":"https:\/\/www.sg-hamburg-west.de\/wordpress\/wp-json\/wp\/v2\/media?parent=158"}],"curies":[{"name":"wp","href":"https:\/\/api.w.org\/{rel}","templated":true}]}}