{"id":160,"date":"2023-01-20T14:11:32","date_gmt":"2023-01-20T13:11:32","guid":{"rendered":"https:\/\/www.sg-hamburg-west.de\/wordpress\/?page_id=160"},"modified":"2026-02-15T22:10:57","modified_gmt":"2026-02-15T21:10:57","slug":"trainer","status":"publish","type":"page","link":"https:\/\/www.sg-hamburg-west.de\/wordpress\/trainer\/","title":{"rendered":"Trainer"},"content":{"rendered":"\n<figure class=\"wp-block-image size-full is-resized\"><img loading=\"lazy\" decoding=\"async\" width=\"499\" height=\"272\" src=\"https:\/\/www.sg-hamburg-west.de\/wordpress\/wp-content\/uploads\/2023\/01\/Trainer.png\" alt=\"\" class=\"wp-image-375\" style=\"width:840px;height:458px\" srcset=\"https:\/\/www.sg-hamburg-west.de\/wordpress\/wp-content\/uploads\/2023\/01\/Trainer.png 499w, https:\/\/www.sg-hamburg-west.de\/wordpress\/wp-content\/uploads\/2023\/01\/Trainer-300x164.png 300w\" sizes=\"auto, (max-width: 499px) 100vw, 499px\" \/><figcaption class=\"wp-element-caption\"> <\/figcaption><\/figure>\n\n\n\n<p>Damit wir in drei verschiedenen Hallen und in f\u00fcnf Vereinen die uns anvertrauten Sportler ordentlich betreuen k\u00f6nnen, braucht es nat\u00fcrlich ein starkes Team aus Trainern und Helfern.<\/p>\n\n\n\n<p>Selbstverst\u00e4ndlich sind alle unsere Trainer im Besitz eines g\u00fcltigen Rettungsscheins der DLRG und einer aktuellen Ersthelferausbildung.<\/p>\n\n\n\n<h3 class=\"wp-block-heading\">Stammverein Hamburger Turnerbund von 1862 e.V. (HTB62)<\/h3>\n\n\n\n<figure class=\"wp-block-table\"><table><tbody><tr><td><strong>Name<\/strong><\/td><td><strong>Lizenz<\/strong><\/td><td><strong>Trainer seit<\/strong><\/td><td><strong>Gruppen<\/strong><\/td><\/tr><tr><td>Jan Siemer<\/td><td>C-Lizenz<\/td><td>&gt; 15 Jahre<\/td><td>Masters<\/td><\/tr><tr><td>D\u00f6rte Siemer<\/td><td>B-Lizenz<\/td><td>&gt; 15 Jahre<\/td><td><a href=\"https:\/\/www.sg-hamburg-west.de\/wordpress\/schildkroete-blankenese\/\" data-type=\"page\" data-id=\"272\">Schildkr\u00f6ten Blankenese<\/a><br>Breitensport Blankenese<br>Masters Blankenese<\/td><\/tr><tr><td>Arne Breuer<\/td><td>C-Lizenz<\/td><td>&gt; 10 Jahre<\/td><td><a href=\"http:\/\/www.sg-hamburg-west.de\/training\/trainingsgruppen\/hai-blankenese\/\">Haie <\/a><a href=\"https:\/\/www.sg-hamburg-west.de\/wordpress\/haie-blankenese\/\" data-type=\"page\" data-id=\"276\">Blankenese<\/a><br>Breitensport Blankenese<br>Masters Blankenese<\/td><\/tr><tr><td>Magdalene Zeise<\/td><td>C-Lizenz<\/td><td>&gt; 15 Jahre<\/td><td><a href=\"https:\/\/www.sg-hamburg-west.de\/wordpress\/goldfische-blankenese\/\" data-type=\"page\" data-id=\"274\">Goldfische Blankenese<\/a><br><a href=\"https:\/\/www.sg-hamburg-west.de\/wordpress\/schildkroete-blankenese\/\" data-type=\"page\" data-id=\"272\">Schildkr\u00f6ten Blankenese<\/a><br>Masters Blankenese<\/td><\/tr><\/tbody><\/table><\/figure>\n\n\n\n<h3 class=\"wp-block-heading\">Stammverein Altonaer Turn- und Sportverein e.V. (ATSV)<\/h3>\n\n\n\n<figure class=\"wp-block-table\"><table><tbody><tr><td><strong>Name<\/strong><\/td><td><strong>Lizenz<\/strong><\/td><td><strong>Trainer seit<\/strong><\/td><td><strong>Gruppen<\/strong><\/td><\/tr><tr><td>Silke Heidhoff<\/td><td>C-Lizenz<\/td><td>&gt;15 Jahre<\/td><td><a href=\"https:\/\/www.sg-hamburg-west.de\/wordpress\/seepferdchen-st-pauli\/\" data-type=\"page\" data-id=\"281\">Seepferdchen St.Pauli<\/a><\/td><\/tr><tr><td>Berit Schl\u00fcnz<\/td><td>C-Lizenz<\/td><td>&gt;20 Jahre<\/td><td><a href=\"https:\/\/www.sg-hamburg-west.de\/wordpress\/seepferdchen-st-pauli\/\">Seepferdchen St.Pauli<\/a><\/td><\/tr><tr><td>Hendrik Rogoll<\/td><td>C-Lizenz<\/td><td>2012<\/td><td><a href=\"http:\/\/www.sg-hamburg-west.de\/training\/trainingsgruppen\/schildkrote-blankenese\/\">Schildkr\u00f6ten Blan<\/a><a href=\"https:\/\/www.sg-hamburg-west.de\/wordpress\/schildkroete-blankenese\/\" data-type=\"page\" data-id=\"272\">k<\/a><a href=\"http:\/\/www.sg-hamburg-west.de\/training\/trainingsgruppen\/schildkrote-blankenese\/\">enese<\/a><br><a href=\"https:\/\/www.sg-hamburg-west.de\/wordpress\/delphine-blankenese\/\" data-type=\"page\" data-id=\"275\">Delphine Blankenese<\/a><br><a href=\"https:\/\/www.sg-hamburg-west.de\/wordpress\/haie-blankenese\/\" data-type=\"page\" data-id=\"276\">Haie Blankenese<\/a><\/td><\/tr><tr><td>Lennart Rogoll<\/td><td>C-Lizenz<\/td><td>2018<\/td><td><a href=\"https:\/\/www.sg-hamburg-west.de\/wordpress\/goldfische-blankenese\/\" data-type=\"page\" data-id=\"274\">Goldfische Blankenese<\/a><\/td><\/tr><\/tbody><\/table><\/figure>\n\n\n\n<h3 class=\"wp-block-heading\">Stammverein Eimsb\u00fctteler Turnverband e.V. (ETV)<\/h3>\n\n\n\n<figure class=\"wp-block-table\"><table><tbody><tr><td><strong>Name<\/strong><\/td><td><strong>Lizenz<\/strong><\/td><td><strong>Trainer seit<\/strong><\/td><td><strong>Gruppen<\/strong><\/td><\/tr><tr><td>nn<\/td><td>nn<\/td><td>nn<\/td><td><a href=\"https:\/\/www.sg-hamburg-west.de\/wordpress\/goldfische-st-pauli\/\" data-type=\"page\" data-id=\"283\">Goldfische St.Pauli<\/a>&nbsp;<br>Special Olympics<br><a href=\"http:\/\/www.sg-hamburg-west.de\/training\/trainingsgruppen\/hai-st-pauli\/\">Haie S<\/a><a href=\"https:\/\/www.sg-hamburg-west.de\/wordpress\/haie-st-pauli\/\" data-type=\"page\" data-id=\"285\">t.Pauli<\/a><\/td><\/tr><\/tbody><\/table><\/figure>\n\n\n\n<h3 class=\"wp-block-heading\">Stammverein Hamburger Sportverein e.V. (HSV)<\/h3>\n\n\n\n<figure class=\"wp-block-table\"><table><tbody><tr><td><strong>Name<\/strong><\/td><td><strong>Lizenz<\/strong><\/td><td><strong>Trainer seit<\/strong><\/td><td><strong>Gruppen<\/strong><\/td><\/tr><tr><td>Mario Peters<\/td><td>C-Lizenz<\/td><td>&gt;10 Jahre<\/td><td><\/td><\/tr><\/tbody><\/table><\/figure>\n","protected":false},"excerpt":{"rendered":"<p>Damit wir in drei verschiedenen Hallen und in f\u00fcnf Vereinen die uns anvertrauten Sportler ordentlich betreuen k\u00f6nnen, braucht es nat\u00fcrlich ein starkes Team aus Trainern und Helfern. Selbstverst\u00e4ndlich sind alle [&hellip;]<\/p>\n","protected":false},"author":1,"featured_media":0,"parent":0,"menu_order":0,"comment_status":"closed","ping_status":"closed","template":"","meta":{"footnotes":""},"class_list":["post-160","page","type-page","status-publish","hentry"],"_links":{"self":[{"href":"https:\/\/www.sg-hamburg-west.de\/wordpress\/wp-json\/wp\/v2\/pages\/160","targetHints":{"allow":["GET"]}}],"collection":[{"href":"https:\/\/www.sg-hamburg-west.de\/wordpress\/wp-json\/wp\/v2\/pages"}],"about":[{"href":"https:\/\/www.sg-hamburg-west.de\/wordpress\/wp-json\/wp\/v2\/types\/page"}],"author":[{"embeddable":true,"href":"https:\/\/www.sg-hamburg-west.de\/wordpress\/wp-json\/wp\/v2\/users\/1"}],"replies":[{"embeddable":true,"href":"https:\/\/www.sg-hamburg-west.de\/wordpress\/wp-json\/wp\/v2\/comments?post=160"}],"version-history":[{"count":15,"href":"https:\/\/www.sg-hamburg-west.de\/wordpress\/wp-json\/wp\/v2\/pages\/160\/revisions"}],"predecessor-version":[{"id":689,"href":"https:\/\/www.sg-hamburg-west.de\/wordpress\/wp-json\/wp\/v2\/pages\/160\/revisions\/689"}],"wp:attachment":[{"href":"https:\/\/www.sg-hamburg-west.de\/wordpress\/wp-json\/wp\/v2\/media?parent=160"}],"curies":[{"name":"wp","href":"https:\/\/api.w.org\/{rel}","templated":true}]}}