{"id":164,"date":"2023-01-20T14:11:32","date_gmt":"2023-01-20T13:11:32","guid":{"rendered":"https:\/\/www.sg-hamburg-west.de\/wordpress\/?page_id=164"},"modified":"2025-02-03T15:52:18","modified_gmt":"2025-02-03T14:52:18","slug":"weitere-sportarten","status":"publish","type":"page","link":"https:\/\/www.sg-hamburg-west.de\/wordpress\/weitere-sportarten\/","title":{"rendered":"weitere Sportarten"},"content":{"rendered":"\n<p>Die SG Hamburg-West verbindet die Schwimmabteilungen der Vereine ETV, ATSV, HSV und HTB62 zu einer leistungsstarken Gemeinschaft. Gemeinsame Planungen, vereins\u00fcbergreifende Konzepte und Trainingsgruppen sowie gegenseitige Unterst\u00fctzung bei der ehrenamtlichen Vereinsarbeit sind wesentliche Anliegen der SG.<\/p>\n\n\n\n<p>Neben dem Schwimmsport gibt es jedoch noch weitere Sportarten die in den Schwimmabteilungen der Stammvereine unter dem Dach des Deutschen Schwimmverbandes betrieben werden.&nbsp;<\/p>\n\n\n\n<h3 class=\"wp-block-heading\">Synchronschwimmen<\/h3>\n\n\n\n<p>Seit vielen Jahren gibt es eine tapfer k\u00e4mpfende Gruppe junger Synchronschwimmerinnen beim ATSV. In den letzten Jahren ist ein stetig wachsender Zulauf, auch von ehemaligen Schwimmerinnen zu verzeichnen gewesen.&nbsp;<\/p>\n\n\n\n<p>Die Masters der Synchronschwimmerinnen nehmen recht erfolgreich an nationalen und internationalen Wettk\u00e4mpfen teil.<\/p>\n\n\n\n<p>Weitere Informationen entnehmen Sie bitte der&nbsp;<a href=\"https:\/\/atsv1899.de\/index.php\/gesundheitssport2\/schwimmen\">Homepage des ATSV<\/a>.&nbsp;<\/p>\n\n\n\n<h3 class=\"wp-block-heading\">Wasserball<\/h3>\n\n\n\n<p>Kinder, Jugendliche und Erwachsene die lieber mit dem Ball durchs Becken schwimmen sind bei der Sportart Wasserball bestens aufgehoben.<\/p>\n\n\n\n<p>In den Vereinen ETV und HTB gibt es diverse M\u00f6glichkeiten diese Sportart als Wettkampfsport zu betreiben. So spielt die Damenmannschaft des ETV seit vielen Jahren in der 1. Bundesliga und die Herren des HTB sind in diversen Jugend U-Meisterschaften erfolgreich. In beiden Vereinen kann Damen- und Herrenwasserball mit bis zu 6-mal Training pro Woche gespielt werden.<\/p>\n\n\n\n<p>Weitere Informationen entnehmen Sie bitte der\u00a0<a href=\"https:\/\/etv-hamburg.de\/sportarten\/wasserball-aquaball\/\">Homepage des ETV<\/a>\u00a0bzw.\u00a0<a href=\"https:\/\/htb62.de\/sportangebote\/wasserball\">HTB<\/a>.<\/p>\n\n\n\n<p><strong>Die SG Hamburg-West unterst\u00fctzt aktiv den Wechsel von Kindern und Jugendlichen in andere Wassersportarten. Sowohl f\u00fcr das Synchronschwimmen als auch f\u00fcr den Wasserballsport ist eine solide Schwimmausbildung unabdingbare Voraussetzung. Bei Wechselw\u00fcnschen sprechen Sie die Trainer an.<\/strong><\/p>\n","protected":false},"excerpt":{"rendered":"<p>Die SG Hamburg-West verbindet die Schwimmabteilungen der Vereine ETV, ATSV, HSV und HTB62 zu einer leistungsstarken Gemeinschaft. Gemeinsame Planungen, vereins\u00fcbergreifende Konzepte und Trainingsgruppen sowie gegenseitige Unterst\u00fctzung bei der ehrenamtlichen Vereinsarbeit [&hellip;]<\/p>\n","protected":false},"author":1,"featured_media":0,"parent":0,"menu_order":0,"comment_status":"closed","ping_status":"closed","template":"","meta":{"footnotes":""},"class_list":["post-164","page","type-page","status-publish","hentry"],"_links":{"self":[{"href":"https:\/\/www.sg-hamburg-west.de\/wordpress\/wp-json\/wp\/v2\/pages\/164","targetHints":{"allow":["GET"]}}],"collection":[{"href":"https:\/\/www.sg-hamburg-west.de\/wordpress\/wp-json\/wp\/v2\/pages"}],"about":[{"href":"https:\/\/www.sg-hamburg-west.de\/wordpress\/wp-json\/wp\/v2\/types\/page"}],"author":[{"embeddable":true,"href":"https:\/\/www.sg-hamburg-west.de\/wordpress\/wp-json\/wp\/v2\/users\/1"}],"replies":[{"embeddable":true,"href":"https:\/\/www.sg-hamburg-west.de\/wordpress\/wp-json\/wp\/v2\/comments?post=164"}],"version-history":[{"count":6,"href":"https:\/\/www.sg-hamburg-west.de\/wordpress\/wp-json\/wp\/v2\/pages\/164\/revisions"}],"predecessor-version":[{"id":647,"href":"https:\/\/www.sg-hamburg-west.de\/wordpress\/wp-json\/wp\/v2\/pages\/164\/revisions\/647"}],"wp:attachment":[{"href":"https:\/\/www.sg-hamburg-west.de\/wordpress\/wp-json\/wp\/v2\/media?parent=164"}],"curies":[{"name":"wp","href":"https:\/\/api.w.org\/{rel}","templated":true}]}}