{"id":165,"date":"2023-01-20T14:11:32","date_gmt":"2023-01-20T13:11:32","guid":{"rendered":"https:\/\/www.sg-hamburg-west.de\/wordpress\/?page_id=165"},"modified":"2024-07-09T20:35:05","modified_gmt":"2024-07-09T18:35:05","slug":"trainingslager","status":"publish","type":"page","link":"https:\/\/www.sg-hamburg-west.de\/wordpress\/trainingslager\/","title":{"rendered":"Trainingslager"},"content":{"rendered":"\n<figure class=\"wp-block-image size-full is-resized\"><img loading=\"lazy\" decoding=\"async\" width=\"739\" height=\"415\" src=\"https:\/\/www.sg-hamburg-west.de\/wordpress\/wp-content\/uploads\/2023\/01\/Gruppenfoto.jpg\" alt=\"\" class=\"wp-image-404\" style=\"width:838px;height:471px\" srcset=\"https:\/\/www.sg-hamburg-west.de\/wordpress\/wp-content\/uploads\/2023\/01\/Gruppenfoto.jpg 739w, https:\/\/www.sg-hamburg-west.de\/wordpress\/wp-content\/uploads\/2023\/01\/Gruppenfoto-300x168.jpg 300w\" sizes=\"auto, (max-width: 739px) 100vw, 739px\" \/><figcaption class=\"wp-element-caption\"> <\/figcaption><\/figure>\n\n\n\n<p>Wir organisieren f\u00fcr unsere Aktiven aus den unterschiedlichen Trainings- und Leistungsgruppen regelm\u00e4\u00dfig Trainingslager, Ausfl\u00fcge und Sommerreisen.<\/p>\n\n\n\n<h3 class=\"wp-block-heading\">Trainingslager \/ Ausfl\u00fcge 2018-2019<\/h3>\n\n\n\n<figure class=\"wp-block-table\"><table><tbody><tr><td><strong>Was<\/strong><\/td><td><strong>Datum<\/strong><\/td><td><strong>Ort<\/strong><\/td><td><strong>Zielgruppe<\/strong><\/td><\/tr><tr><td><\/td><td><\/td><td><\/td><td><\/td><\/tr><tr><td>Trainingslager<\/td><td>Herbstferien 2024<\/td><td>Tondern, D\u00e4nemark<\/td><td>Leistungsgruppe und Haigruppen (Anmeldung \u00fcber Trainer)<\/td><\/tr><tr><td>Trainingslager<\/td><td>1. Saisonh\u00e4lfte<\/td><td>Itzehoe<\/td><td>Delfingruppen (Anmeldung \u00fcber Trainer)<\/td><\/tr><\/tbody><\/table><\/figure>\n","protected":false},"excerpt":{"rendered":"<p>Wir organisieren f\u00fcr unsere Aktiven aus den unterschiedlichen Trainings- und Leistungsgruppen regelm\u00e4\u00dfig Trainingslager, Ausfl\u00fcge und Sommerreisen. Trainingslager \/ Ausfl\u00fcge 2018-2019 Was Datum Ort Zielgruppe Trainingslager Herbstferien 2024 Tondern, D\u00e4nemark Leistungsgruppe [&hellip;]<\/p>\n","protected":false},"author":1,"featured_media":0,"parent":0,"menu_order":0,"comment_status":"closed","ping_status":"closed","template":"","meta":{"footnotes":""},"class_list":["post-165","page","type-page","status-publish","hentry"],"_links":{"self":[{"href":"https:\/\/www.sg-hamburg-west.de\/wordpress\/wp-json\/wp\/v2\/pages\/165","targetHints":{"allow":["GET"]}}],"collection":[{"href":"https:\/\/www.sg-hamburg-west.de\/wordpress\/wp-json\/wp\/v2\/pages"}],"about":[{"href":"https:\/\/www.sg-hamburg-west.de\/wordpress\/wp-json\/wp\/v2\/types\/page"}],"author":[{"embeddable":true,"href":"https:\/\/www.sg-hamburg-west.de\/wordpress\/wp-json\/wp\/v2\/users\/1"}],"replies":[{"embeddable":true,"href":"https:\/\/www.sg-hamburg-west.de\/wordpress\/wp-json\/wp\/v2\/comments?post=165"}],"version-history":[{"count":3,"href":"https:\/\/www.sg-hamburg-west.de\/wordpress\/wp-json\/wp\/v2\/pages\/165\/revisions"}],"predecessor-version":[{"id":610,"href":"https:\/\/www.sg-hamburg-west.de\/wordpress\/wp-json\/wp\/v2\/pages\/165\/revisions\/610"}],"wp:attachment":[{"href":"https:\/\/www.sg-hamburg-west.de\/wordpress\/wp-json\/wp\/v2\/media?parent=165"}],"curies":[{"name":"wp","href":"https:\/\/api.w.org\/{rel}","templated":true}]}}