{"id":166,"date":"2023-01-20T14:11:32","date_gmt":"2023-01-20T13:11:32","guid":{"rendered":"https:\/\/www.sg-hamburg-west.de\/wordpress\/?page_id=166"},"modified":"2023-01-23T11:02:52","modified_gmt":"2023-01-23T10:02:52","slug":"recorde","status":"publish","type":"page","link":"https:\/\/www.sg-hamburg-west.de\/wordpress\/recorde\/","title":{"rendered":"Rekorde"},"content":{"rendered":"\n<h3 class=\"wp-block-heading\">Pers\u00f6nliche Bestzeiten&nbsp;<\/h3>\n\n\n\n<div class=\"wp-block-columns is-layout-flex wp-container-core-columns-is-layout-9d6595d7 wp-block-columns-is-layout-flex\">\n<div class=\"wp-block-column is-layout-flow wp-block-column-is-layout-flow\">\n<figure class=\"wp-block-image size-full is-resized\"><img loading=\"lazy\" decoding=\"async\" src=\"https:\/\/www.sg-hamburg-west.de\/wordpress\/wp-content\/uploads\/2023\/01\/Medaillen-HEAD-300x168-1.jpg\" alt=\"\" class=\"wp-image-426\" width=\"398\" height=\"223\"\/><\/figure>\n<\/div>\n\n\n\n<div class=\"wp-block-column is-layout-flow wp-block-column-is-layout-flow\">\n<p>Die pers\u00f6nlichen Bestzeiten lassen sich \u00fcber die Schwimmerabfrage des DSV tagesaktuell abfragen. Bitte folgt folgendem Link (externer Link):<br><a rel=\"noreferrer noopener\" href=\"http:\/\/www.dsv.de\/schwimmen\/wettkampf-national\/schwimmerabfrage\/\" target=\"_blank\">Schwimmerabfrage DSV<\/a><\/p>\n<\/div>\n<\/div>\n\n\n\n<p><\/p>\n\n\n\n<h3 class=\"wp-block-heading\">SG Hamburg-West Bestenliste<\/h3>\n\n\n\n<p>Klick den Link um zum Webportal der aktuellen Rekordlisten der Sportler der SG Hamburg-West zu gelangen.<\/p>\n\n\n\n<p><a href=\"https:\/\/hh-west.webclub.app\/\" target=\"_blank\" rel=\"noreferrer noopener\">Webportal mit Rekordlisten der SG Hamburg-West<\/a><\/p>\n\n\n\n<p><strong>Stand: tagesaktuell<\/strong><\/p>\n","protected":false},"excerpt":{"rendered":"<p>Pers\u00f6nliche Bestzeiten&nbsp; Die pers\u00f6nlichen Bestzeiten lassen sich \u00fcber die Schwimmerabfrage des DSV tagesaktuell abfragen. Bitte folgt folgendem Link (externer Link):Schwimmerabfrage DSV SG Hamburg-West Bestenliste Klick den Link um zum Webportal [&hellip;]<\/p>\n","protected":false},"author":1,"featured_media":0,"parent":0,"menu_order":0,"comment_status":"closed","ping_status":"closed","template":"","meta":{"footnotes":""},"class_list":["post-166","page","type-page","status-publish","hentry"],"_links":{"self":[{"href":"https:\/\/www.sg-hamburg-west.de\/wordpress\/wp-json\/wp\/v2\/pages\/166","targetHints":{"allow":["GET"]}}],"collection":[{"href":"https:\/\/www.sg-hamburg-west.de\/wordpress\/wp-json\/wp\/v2\/pages"}],"about":[{"href":"https:\/\/www.sg-hamburg-west.de\/wordpress\/wp-json\/wp\/v2\/types\/page"}],"author":[{"embeddable":true,"href":"https:\/\/www.sg-hamburg-west.de\/wordpress\/wp-json\/wp\/v2\/users\/1"}],"replies":[{"embeddable":true,"href":"https:\/\/www.sg-hamburg-west.de\/wordpress\/wp-json\/wp\/v2\/comments?post=166"}],"version-history":[{"count":2,"href":"https:\/\/www.sg-hamburg-west.de\/wordpress\/wp-json\/wp\/v2\/pages\/166\/revisions"}],"predecessor-version":[{"id":427,"href":"https:\/\/www.sg-hamburg-west.de\/wordpress\/wp-json\/wp\/v2\/pages\/166\/revisions\/427"}],"wp:attachment":[{"href":"https:\/\/www.sg-hamburg-west.de\/wordpress\/wp-json\/wp\/v2\/media?parent=166"}],"curies":[{"name":"wp","href":"https:\/\/api.w.org\/{rel}","templated":true}]}}