{"id":268,"date":"2023-01-22T15:04:01","date_gmt":"2023-01-22T14:04:01","guid":{"rendered":"https:\/\/www.sg-hamburg-west.de\/wordpress\/?page_id=268"},"modified":"2023-04-15T20:42:53","modified_gmt":"2023-04-15T18:42:53","slug":"seepferdchen-blankenese","status":"publish","type":"page","link":"https:\/\/www.sg-hamburg-west.de\/wordpress\/seepferdchen-blankenese\/","title":{"rendered":"Seepferdchen Blankenese"},"content":{"rendered":"\n<h3 class=\"wp-block-heading\">Informationen \u00fcber die Gruppe:<\/h3>\n\n\n\n<p><strong>Alter der Sportler:<\/strong>&nbsp;5 &#8211; 7 Jahre<br><strong>Trainingsangebot:<\/strong>&nbsp;1 &#8211; 2 x 45min<br><strong>Ziel:<\/strong>&nbsp;Wir freuen uns \u00fcber jedes neue Kind, dass sich den wunderbaren Bewegungsraum Wasser kennenlernen m\u00f6chte. Wir m\u00f6chten die Kinder langsam an das neue Element heranf\u00fchren und sie bei ihren ersten Schritten anleiten und begleiten. Die Kleinen sollen lernen zu tauchen, sich zielgerichtet fortzubewegen, zu atmen, zu springen und sich wohlzuf\u00fchlen.<br>Da wir den Kindern langfristig und nachhaltig den Bewegungsraum Wasser er\u00f6ffnen m\u00f6chten, ist es nicht unser Ziel, dass nach 10 Einheiten alle Sportler ihr Abzeichen &#8222;Seepferdchen&#8220; bekommen. Stattdessen sollen sich die J\u00fcngsten ein Repertoire an Bewegungen erarbeiten, mit dem sie umgehen k\u00f6nnen und die Grundlagen f\u00fcr den \u00dcbergang in die n\u00e4chste Gruppe erlernen. Am Ende steht nat\u00fcrlich trotzdem das hei\u00df begehrte &#8222;Seepferdchen&#8220; &#8211; nur nicht im Turbo-Modus sondern mit Geduld und Nachhaltigkeit.<\/p>\n\n\n\n<h3 class=\"wp-block-heading\">Die Trainingszeiten:<\/h3>\n\n\n\n<figure class=\"wp-block-table\"><table><tbody><tr><th>Verein<\/th><th>Trainingszeit 1<\/th><th>Trainingszeit 2<\/th><th>Trainer<\/th><th>Anmeldung<\/th><\/tr><tr><td>ATSV<\/td><td>Mittwoch 16:15 &#8211; 17:00<br>Mittwoch 17:00 &#8211; 17:45<\/td><td>&nbsp;<\/td><td>&nbsp;<\/td><td>\u00fcber Schwimmwartin Maike Schut<br><strong>maike.schut(at)sg-hamburg-west.de<\/strong><\/td><\/tr><tr><td>HTB<\/td><td>Dienstag 16:00 &#8211; 16:45<br>Dienstag 16:45 &#8211; 17:30<br>Dienstag 17:30 &#8211; 18:15<\/td><td>Donnerstag 16:00 &#8211; 16:45<br>Donnerstag 16:45 &#8211; 17:30<br>Donnerstag 17:30 &#8211; 18:15<\/td><td>Julie Lange<\/td><td>per Mail an Irene Seedorf<br><strong>reni2003.s(at)hamburg.de<\/strong><br>oder pers\u00f6nlich zwischen 16 und 17 Uhr<br>im Vorraum der Schwimmhalle<\/td><\/tr><\/tbody><\/table><\/figure>\n\n\n\n<figure class=\"wp-block-table\"><table><tbody><tr><td class=\"has-text-align-right\" data-align=\"right\"><a href=\"https:\/\/www.sg-hamburg-west.de\/wordpress\/schildkroete-blankenese\/\" data-type=\"page\" data-id=\"272\">n\u00e4chste Gruppe<\/a><\/td><\/tr><\/tbody><\/table><\/figure>\n","protected":false},"excerpt":{"rendered":"<p>Informationen \u00fcber die Gruppe: Alter der Sportler:&nbsp;5 &#8211; 7 JahreTrainingsangebot:&nbsp;1 &#8211; 2 x 45minZiel:&nbsp;Wir freuen uns \u00fcber jedes neue Kind, dass sich den wunderbaren Bewegungsraum Wasser kennenlernen m\u00f6chte. Wir m\u00f6chten [&hellip;]<\/p>\n","protected":false},"author":1,"featured_media":0,"parent":0,"menu_order":0,"comment_status":"closed","ping_status":"closed","template":"","meta":{"footnotes":""},"class_list":["post-268","page","type-page","status-publish","hentry"],"_links":{"self":[{"href":"https:\/\/www.sg-hamburg-west.de\/wordpress\/wp-json\/wp\/v2\/pages\/268","targetHints":{"allow":["GET"]}}],"collection":[{"href":"https:\/\/www.sg-hamburg-west.de\/wordpress\/wp-json\/wp\/v2\/pages"}],"about":[{"href":"https:\/\/www.sg-hamburg-west.de\/wordpress\/wp-json\/wp\/v2\/types\/page"}],"author":[{"embeddable":true,"href":"https:\/\/www.sg-hamburg-west.de\/wordpress\/wp-json\/wp\/v2\/users\/1"}],"replies":[{"embeddable":true,"href":"https:\/\/www.sg-hamburg-west.de\/wordpress\/wp-json\/wp\/v2\/comments?post=268"}],"version-history":[{"count":6,"href":"https:\/\/www.sg-hamburg-west.de\/wordpress\/wp-json\/wp\/v2\/pages\/268\/revisions"}],"predecessor-version":[{"id":511,"href":"https:\/\/www.sg-hamburg-west.de\/wordpress\/wp-json\/wp\/v2\/pages\/268\/revisions\/511"}],"wp:attachment":[{"href":"https:\/\/www.sg-hamburg-west.de\/wordpress\/wp-json\/wp\/v2\/media?parent=268"}],"curies":[{"name":"wp","href":"https:\/\/api.w.org\/{rel}","templated":true}]}}