{"id":272,"date":"2023-01-22T15:08:06","date_gmt":"2023-01-22T14:08:06","guid":{"rendered":"https:\/\/www.sg-hamburg-west.de\/wordpress\/?page_id=272"},"modified":"2026-02-15T22:07:17","modified_gmt":"2026-02-15T21:07:17","slug":"schildkroete-blankenese","status":"publish","type":"page","link":"https:\/\/www.sg-hamburg-west.de\/wordpress\/schildkroete-blankenese\/","title":{"rendered":"Schildkr\u00f6ten Blankenese"},"content":{"rendered":"\n<h3 class=\"wp-block-heading\">Informationen \u00fcber die Gruppe:<\/h3>\n\n\n\n<p><strong>Alter der Sportler:<\/strong>&nbsp;6 &#8211; 8 Jahre<br><strong>Trainingsangebot:<\/strong>&nbsp;2 x 60min<br><strong>Ziel:<\/strong>&nbsp;Die jungen Sportler sind nun das erste Mal regelm\u00e4\u00dfig im tiefen Becken unterwegs. Das ist zu Beginn sehr anstrengend und einige der Kinder haben noch kleine \u00c4ngste zu \u00fcberwinden. Freudvoll und mit viel Abwechslung im Training wollen wir den kleinen Schwimmern die Angst nehmen und ihnen ein m\u00f6glichst gro\u00dfes Arsenal an Bewegungen vermitteln. Sie sollen ein Gef\u00fchl f\u00fcr ihren K\u00f6rper, f\u00fcr das Wasser und ihren K\u00f6rper im Wasser entwickeln.<br>Die Sportler sollen gemeinsam an den von uns organisierten Nachwuchswettk\u00e4mpfen teilnehmen und erste, ganz zarte, Wettkampfluft schnuppern (kindgerechte Wettk\u00e4mpfe). Die \u00c4ltesten Sportler der Gruppe, k\u00f6nnen dann schon am Landesvielseitigkeitstest (fr\u00fcher Sichtung) teilnehmen und sich mit Sportlern anderer Vereine messen.<\/p>\n\n\n\n<h3 class=\"wp-block-heading\">Die Trainingszeiten:<\/h3>\n\n\n\n<figure class=\"wp-block-table\"><table><tbody><tr><th>Verein<\/th><th>Trainingszeit 1<\/th><th>Trainingszeit 2<\/th><th>Trainer<\/th><th>Ort\u00a0<\/th><\/tr><tr><td>ATSV<\/td><td>Montag<br>16:00 &#8211; 17:00<\/td><td>Mittwoch<br>16:00 &#8211; 17:00<\/td><td>\u00a0Natalie<\/td><td>\u00a0Blankenese<\/td><\/tr><tr><td>HTB<\/td><td>Dienstag<br>16:00 &#8211; 17:00<\/td><td>Donnerstag<br>16:00 &#8211; 17:00<\/td><td>D\u00f6rte<\/td><td>Blankenese<\/td><\/tr><\/tbody><\/table><\/figure>\n\n\n\n<figure class=\"wp-block-table\"><table><tbody><tr><td><a href=\"https:\/\/www.sg-hamburg-west.de\/wordpress\/seepferdchen-blankenese\/\" data-type=\"page\" data-id=\"268\">vorherige Gruppe<\/a><\/td><td class=\"has-text-align-right\" data-align=\"right\"><a href=\"https:\/\/www.sg-hamburg-west.de\/wordpress\/goldfische-blankenese\/\" data-type=\"page\" data-id=\"274\">n\u00e4chste Gruppe<\/a><\/td><\/tr><\/tbody><\/table><\/figure>\n","protected":false},"excerpt":{"rendered":"<p>Informationen \u00fcber die Gruppe: Alter der Sportler:&nbsp;6 &#8211; 8 JahreTrainingsangebot:&nbsp;2 x 60minZiel:&nbsp;Die jungen Sportler sind nun das erste Mal regelm\u00e4\u00dfig im tiefen Becken unterwegs. Das ist zu Beginn sehr anstrengend [&hellip;]<\/p>\n","protected":false},"author":1,"featured_media":0,"parent":0,"menu_order":0,"comment_status":"closed","ping_status":"closed","template":"","meta":{"footnotes":""},"class_list":["post-272","page","type-page","status-publish","hentry"],"_links":{"self":[{"href":"https:\/\/www.sg-hamburg-west.de\/wordpress\/wp-json\/wp\/v2\/pages\/272","targetHints":{"allow":["GET"]}}],"collection":[{"href":"https:\/\/www.sg-hamburg-west.de\/wordpress\/wp-json\/wp\/v2\/pages"}],"about":[{"href":"https:\/\/www.sg-hamburg-west.de\/wordpress\/wp-json\/wp\/v2\/types\/page"}],"author":[{"embeddable":true,"href":"https:\/\/www.sg-hamburg-west.de\/wordpress\/wp-json\/wp\/v2\/users\/1"}],"replies":[{"embeddable":true,"href":"https:\/\/www.sg-hamburg-west.de\/wordpress\/wp-json\/wp\/v2\/comments?post=272"}],"version-history":[{"count":6,"href":"https:\/\/www.sg-hamburg-west.de\/wordpress\/wp-json\/wp\/v2\/pages\/272\/revisions"}],"predecessor-version":[{"id":687,"href":"https:\/\/www.sg-hamburg-west.de\/wordpress\/wp-json\/wp\/v2\/pages\/272\/revisions\/687"}],"wp:attachment":[{"href":"https:\/\/www.sg-hamburg-west.de\/wordpress\/wp-json\/wp\/v2\/media?parent=272"}],"curies":[{"name":"wp","href":"https:\/\/api.w.org\/{rel}","templated":true}]}}