{"id":274,"date":"2023-01-22T15:08:06","date_gmt":"2023-01-22T14:08:06","guid":{"rendered":"https:\/\/www.sg-hamburg-west.de\/wordpress\/?page_id=274"},"modified":"2026-02-15T21:48:49","modified_gmt":"2026-02-15T20:48:49","slug":"goldfische-blankenese","status":"publish","type":"page","link":"https:\/\/www.sg-hamburg-west.de\/wordpress\/goldfische-blankenese\/","title":{"rendered":"Goldfische Blankenese"},"content":{"rendered":"\n<h3 class=\"wp-block-heading\">Informationen \u00fcber die Gruppe:<\/h3>\n\n\n\n<p><strong>Alter der Sportler:<\/strong>&nbsp;7 &#8211; 9 Jahre<br><strong>Trainingsangebot:<\/strong>&nbsp;2 x 90min<br><strong>Ziel:<\/strong>&nbsp;In der Gruppe &#8222;Goldfisch&#8220; bringen wir den Aktiven die Grundlagen f\u00fcr eine erfolgreiche schwimmerische Karriere bei. Denn nur mit einer guten schwimmtechnischen Ausbildung k\u00f6nnen die Sportler lange Freude am Schwimmen haben. Daf\u00fcr vermitteln wir ihnen ein Gef\u00fchl f\u00fcr ihren K\u00f6rper, erarbeiten ein vielseitiges Bewegungsrepertoire im Wasser und an Land und wollen, dass die Kinder mit Freude und Spa\u00df zum Training kommen. Daf\u00fcr ist eine regelm\u00e4\u00dfige Teilnahme an beiden Trainingstagen jedoch notwendig.<br>Wichtige Wettk\u00e4mpfe sind der Landesvielseitigkeitstest (fr\u00fcher Sichtung) sowie die von unserer SG ausgerichteten zwei Nachwuchswettk\u00e4mpfe pro Jahr.<\/p>\n\n\n\n<h3 class=\"wp-block-heading\">Die Trainingszeiten:<\/h3>\n\n\n\n<p>&#8211; Die ersten 30 Minuten jeder Einheit dienen der Erw\u00e4rmung an Land.<\/p>\n\n\n\n<figure class=\"wp-block-table\"><table><tbody><tr><th>Verein<\/th><th>Trainingszeit 1<\/th><th>Trainingszeit 2<\/th><th>Trainer<\/th><th>&nbsp;<\/th><\/tr><tr><td>ATSV<\/td><td>Montag<br>16:45 &#8211; 18:00<\/td><td>Mittwoch<br>16:45 &#8211; 18:00<\/td><td>Natalie<\/td><td>&nbsp;<\/td><\/tr><tr><td>HTB<\/td><td>Dienstag<br>16:45 &#8211; 18:00<\/td><td>Donnerstag<br>16:45 &#8211; 18:00<\/td><td>nn<\/td><td>&nbsp;<\/td><\/tr><\/tbody><\/table><\/figure>\n\n\n\n<figure class=\"wp-block-table\"><table><tbody><tr><td><a href=\"https:\/\/www.sg-hamburg-west.de\/wordpress\/schildkroete-blankenese\/\" data-type=\"page\" data-id=\"272\">vorherige Gruppe<\/a><\/td><td class=\"has-text-align-right\" data-align=\"right\"><a href=\"https:\/\/www.sg-hamburg-west.de\/wordpress\/delphine-blankenese\/\" data-type=\"page\" data-id=\"275\">n\u00e4chste Gruppe<\/a><\/td><\/tr><\/tbody><\/table><\/figure>\n","protected":false},"excerpt":{"rendered":"<p>Informationen \u00fcber die Gruppe: Alter der Sportler:&nbsp;7 &#8211; 9 JahreTrainingsangebot:&nbsp;2 x 90minZiel:&nbsp;In der Gruppe &#8222;Goldfisch&#8220; bringen wir den Aktiven die Grundlagen f\u00fcr eine erfolgreiche schwimmerische Karriere bei. Denn nur mit [&hellip;]<\/p>\n","protected":false},"author":1,"featured_media":0,"parent":0,"menu_order":0,"comment_status":"closed","ping_status":"closed","template":"","meta":{"footnotes":""},"class_list":["post-274","page","type-page","status-publish","hentry"],"_links":{"self":[{"href":"https:\/\/www.sg-hamburg-west.de\/wordpress\/wp-json\/wp\/v2\/pages\/274","targetHints":{"allow":["GET"]}}],"collection":[{"href":"https:\/\/www.sg-hamburg-west.de\/wordpress\/wp-json\/wp\/v2\/pages"}],"about":[{"href":"https:\/\/www.sg-hamburg-west.de\/wordpress\/wp-json\/wp\/v2\/types\/page"}],"author":[{"embeddable":true,"href":"https:\/\/www.sg-hamburg-west.de\/wordpress\/wp-json\/wp\/v2\/users\/1"}],"replies":[{"embeddable":true,"href":"https:\/\/www.sg-hamburg-west.de\/wordpress\/wp-json\/wp\/v2\/comments?post=274"}],"version-history":[{"count":4,"href":"https:\/\/www.sg-hamburg-west.de\/wordpress\/wp-json\/wp\/v2\/pages\/274\/revisions"}],"predecessor-version":[{"id":681,"href":"https:\/\/www.sg-hamburg-west.de\/wordpress\/wp-json\/wp\/v2\/pages\/274\/revisions\/681"}],"wp:attachment":[{"href":"https:\/\/www.sg-hamburg-west.de\/wordpress\/wp-json\/wp\/v2\/media?parent=274"}],"curies":[{"name":"wp","href":"https:\/\/api.w.org\/{rel}","templated":true}]}}