{"id":275,"date":"2023-01-22T15:08:06","date_gmt":"2023-01-22T14:08:06","guid":{"rendered":"https:\/\/www.sg-hamburg-west.de\/wordpress\/?page_id=275"},"modified":"2026-02-15T21:50:03","modified_gmt":"2026-02-15T20:50:03","slug":"delphine-blankenese","status":"publish","type":"page","link":"https:\/\/www.sg-hamburg-west.de\/wordpress\/delphine-blankenese\/","title":{"rendered":"Delphine Blankenese"},"content":{"rendered":"\n<h3 class=\"wp-block-heading\">Informationen \u00fcber die Gruppe:<\/h3>\n\n\n\n<p><strong>Alter der Sportler:<\/strong>&nbsp;8 &#8211; 11 Jahre<br><strong>Trainingsangebot:<\/strong>&nbsp;3 x 90min<br><strong>Ziel:<\/strong>&nbsp;Die Sportler sollen sich in der ersten vereins\u00fcbergreifend trainierenden Gruppe best\u00e4ndig weiterentwickeln und ihr Bewegungsrepertoire weiter vergr\u00f6\u00dfern. Daf\u00fcr unabdingbar ist eine regelm\u00e4\u00dfige Teilnahme an den Trainingseinheiten und die erste Fahrt ins Trainingslager. Dabei kommen nat\u00fcrlich auch Spiel und Spa\u00df nicht zu kurz, um den heranwachsenden Athleten Teamgeist und ein faires Miteinander zu vermitteln.<br>Wichtige Wettk\u00e4mpfe sind die DMS-J sowie die zwei von unserer SG ausgerichteten Nachwuchswettk\u00e4mpfe. Zudem werden noch weitere Wettk\u00e4mpfe in Hamburg bzw. dem Umland besucht.<\/p>\n\n\n\n<p>Die \u00e4ltesten Sportler der Gruppe k\u00f6nnen dann schon am Landesvielseitigkeitstest (fr\u00fcher Sichtung) teilnehmen und sich mit Sportlern anderer Vereine messen.<br>Die im kommenden Halbjahr anstehenden Wettk\u00e4mpfe sind&nbsp;<a href=\"https:\/\/www.sg-hamburg-west.de\/wordpress\/veranstaltungskalender-wettkaempfe\/\" data-type=\"page\" data-id=\"197\">hier<\/a>&nbsp;gelistet.<\/p>\n\n\n\n<h3 class=\"wp-block-heading\">Die Trainingszeiten:<\/h3>\n\n\n\n<p>&#8211; Die ersten 30 Minuten jeder Trainingseinheit dienen der Erw\u00e4rmung an Land!<\/p>\n\n\n\n<figure class=\"wp-block-table\"><table><tbody><tr><td><strong>Wochentag<\/strong><\/td><td><strong>Wasserzeit<\/strong><\/td><td><strong>Trainerin<\/strong><\/td><td><strong>Kontakt<\/strong><\/td><\/tr><tr><td>Montag<\/td><td>17:00 &#8211; 19:00<\/td><td>Annabell<\/td><td>\ufeff<\/td><\/tr><tr><td>Dienstag<\/td><td>17:45 &#8211; 19:00<\/td><td>Annabell<\/td><td>\ufeff<\/td><\/tr><tr><td>Donnerstag<\/td><td>16:45 &#8211; 18:00<\/td><td>nn<\/td><td>\ufeff<\/td><\/tr><\/tbody><\/table><\/figure>\n\n\n\n<figure class=\"wp-block-table\"><table><tbody><tr><td><a href=\"https:\/\/www.sg-hamburg-west.de\/wordpress\/goldfische-blankenese\/\" data-type=\"page\" data-id=\"274\">vorherige Gruppe<\/a><\/td><td class=\"has-text-align-right\" data-align=\"right\"><a href=\"https:\/\/www.sg-hamburg-west.de\/wordpress\/haie-blankenese\/\" data-type=\"page\" data-id=\"276\">n\u00e4chste Gruppe<\/a><\/td><\/tr><\/tbody><\/table><\/figure>\n","protected":false},"excerpt":{"rendered":"<p>Informationen \u00fcber die Gruppe: Alter der Sportler:&nbsp;8 &#8211; 11 JahreTrainingsangebot:&nbsp;3 x 90minZiel:&nbsp;Die Sportler sollen sich in der ersten vereins\u00fcbergreifend trainierenden Gruppe best\u00e4ndig weiterentwickeln und ihr Bewegungsrepertoire weiter vergr\u00f6\u00dfern. Daf\u00fcr unabdingbar [&hellip;]<\/p>\n","protected":false},"author":2,"featured_media":0,"parent":0,"menu_order":0,"comment_status":"closed","ping_status":"closed","template":"","meta":{"footnotes":""},"class_list":["post-275","page","type-page","status-publish","hentry"],"_links":{"self":[{"href":"https:\/\/www.sg-hamburg-west.de\/wordpress\/wp-json\/wp\/v2\/pages\/275","targetHints":{"allow":["GET"]}}],"collection":[{"href":"https:\/\/www.sg-hamburg-west.de\/wordpress\/wp-json\/wp\/v2\/pages"}],"about":[{"href":"https:\/\/www.sg-hamburg-west.de\/wordpress\/wp-json\/wp\/v2\/types\/page"}],"author":[{"embeddable":true,"href":"https:\/\/www.sg-hamburg-west.de\/wordpress\/wp-json\/wp\/v2\/users\/2"}],"replies":[{"embeddable":true,"href":"https:\/\/www.sg-hamburg-west.de\/wordpress\/wp-json\/wp\/v2\/comments?post=275"}],"version-history":[{"count":6,"href":"https:\/\/www.sg-hamburg-west.de\/wordpress\/wp-json\/wp\/v2\/pages\/275\/revisions"}],"predecessor-version":[{"id":682,"href":"https:\/\/www.sg-hamburg-west.de\/wordpress\/wp-json\/wp\/v2\/pages\/275\/revisions\/682"}],"wp:attachment":[{"href":"https:\/\/www.sg-hamburg-west.de\/wordpress\/wp-json\/wp\/v2\/media?parent=275"}],"curies":[{"name":"wp","href":"https:\/\/api.w.org\/{rel}","templated":true}]}}