{"id":276,"date":"2023-01-22T15:08:06","date_gmt":"2023-01-22T14:08:06","guid":{"rendered":"https:\/\/www.sg-hamburg-west.de\/wordpress\/?page_id=276"},"modified":"2026-02-15T21:47:52","modified_gmt":"2026-02-15T20:47:52","slug":"haie-blankenese","status":"publish","type":"page","link":"https:\/\/www.sg-hamburg-west.de\/wordpress\/haie-blankenese\/","title":{"rendered":"Haie Blankenese"},"content":{"rendered":"\n<h3 class=\"wp-block-heading\">Informationen \u00fcber die Gruppe:<\/h3>\n\n\n\n<p><strong>Alter der Sportler:<\/strong>&nbsp;10 &#8211; 13 Jahre<br><strong>Trainingsangebot:<\/strong>&nbsp;3 x 90min<br><strong>Ziel:<\/strong>&nbsp;Die Hai-Gruppe hat neben den sportlichen Zielen auch verst\u00e4rkt soziale Ziele. \u00dcber ein regelm\u00e4\u00dfiges Training, dass die vorhandene Grundlagenausdauer weiter verbessern soll, haben die Sportler die M\u00f6glichkeit sich f\u00fcr ihre ersten Hamburger Meisterschaften auf der Kurz- oder der Langbahn zu qualifizieren.<\/p>\n\n\n\n<p>Es werden zwei Trainingslager pro Jahr angeboten, von denen eins genutzt werden muss.<br>Zudem sollen die Athleten Aufgaben in der Schwimmhalle \u00fcbernehmen (Trainingsmaterialien wegr\u00e4umen), sich den anderen Sportlern gegen\u00fcber fair verhalten, eine Vorbildfunktion \u00fcbernehmen und zu einem selbstst\u00e4ndigen, bewussten Training animiert werden.<br>Eine Teilnahme an der DMS, der DMS-J sowie an den SG-West Nachwuchswettk\u00e4mpfen wird vorausgesetzt.<br>Die aktuellen Wettkampftermine sind&nbsp;<a href=\"https:\/\/www.sg-hamburg-west.de\/wordpress\/veranstaltungskalender-wettkaempfe\/\" data-type=\"page\" data-id=\"197\">hier<\/a>&nbsp;aufgelistet.<\/p>\n\n\n\n<h3 class=\"wp-block-heading\">Die Trainingszeiten:<\/h3>\n\n\n\n<p>&#8211; Die ersten 30 Minuten jeder Einheit dienen der Erw\u00e4rmung an Land.<\/p>\n\n\n\n<figure class=\"wp-block-table\"><table><tbody><tr><th>Trainingszeit 1<\/th><th>Trainingszeit 2<\/th><th>Trainingszeit 3<\/th><th>Trainer<\/th><th>&nbsp;<\/th><\/tr><tr><td>Montag<br>17:00 &#8211; 19:00<\/td><td>Mittwoch<br>17:45- 19:00<\/td><td>Donnerstag<br>17:45 &#8211; 19:00<\/td><td>nn<\/td><td>&nbsp;<\/td><\/tr><\/tbody><\/table><\/figure>\n\n\n\n<figure class=\"wp-block-table\"><table><tbody><tr><td><a href=\"https:\/\/www.sg-hamburg-west.de\/wordpress\/delphine-blankenese\/\" data-type=\"page\" data-id=\"275\">vorherige Gruppe<\/a><\/td><td><a href=\"https:\/\/www.sg-hamburg-west.de\/wordpress\/leistungsgruppe\/\" data-type=\"page\" data-id=\"158\">n\u00e4chste Gruppe<\/a><\/td><\/tr><\/tbody><\/table><\/figure>\n","protected":false},"excerpt":{"rendered":"<p>Informationen \u00fcber die Gruppe: Alter der Sportler:&nbsp;10 &#8211; 13 JahreTrainingsangebot:&nbsp;3 x 90minZiel:&nbsp;Die Hai-Gruppe hat neben den sportlichen Zielen auch verst\u00e4rkt soziale Ziele. \u00dcber ein regelm\u00e4\u00dfiges Training, dass die vorhandene Grundlagenausdauer [&hellip;]<\/p>\n","protected":false},"author":1,"featured_media":0,"parent":0,"menu_order":0,"comment_status":"closed","ping_status":"closed","template":"","meta":{"footnotes":""},"class_list":["post-276","page","type-page","status-publish","hentry"],"_links":{"self":[{"href":"https:\/\/www.sg-hamburg-west.de\/wordpress\/wp-json\/wp\/v2\/pages\/276","targetHints":{"allow":["GET"]}}],"collection":[{"href":"https:\/\/www.sg-hamburg-west.de\/wordpress\/wp-json\/wp\/v2\/pages"}],"about":[{"href":"https:\/\/www.sg-hamburg-west.de\/wordpress\/wp-json\/wp\/v2\/types\/page"}],"author":[{"embeddable":true,"href":"https:\/\/www.sg-hamburg-west.de\/wordpress\/wp-json\/wp\/v2\/users\/1"}],"replies":[{"embeddable":true,"href":"https:\/\/www.sg-hamburg-west.de\/wordpress\/wp-json\/wp\/v2\/comments?post=276"}],"version-history":[{"count":4,"href":"https:\/\/www.sg-hamburg-west.de\/wordpress\/wp-json\/wp\/v2\/pages\/276\/revisions"}],"predecessor-version":[{"id":680,"href":"https:\/\/www.sg-hamburg-west.de\/wordpress\/wp-json\/wp\/v2\/pages\/276\/revisions\/680"}],"wp:attachment":[{"href":"https:\/\/www.sg-hamburg-west.de\/wordpress\/wp-json\/wp\/v2\/media?parent=276"}],"curies":[{"name":"wp","href":"https:\/\/api.w.org\/{rel}","templated":true}]}}