{"id":281,"date":"2023-01-22T15:08:06","date_gmt":"2023-01-22T14:08:06","guid":{"rendered":"https:\/\/www.sg-hamburg-west.de\/wordpress\/?page_id=281"},"modified":"2023-01-22T17:46:11","modified_gmt":"2023-01-22T16:46:11","slug":"seepferdchen-st-pauli","status":"publish","type":"page","link":"https:\/\/www.sg-hamburg-west.de\/wordpress\/seepferdchen-st-pauli\/","title":{"rendered":"Seepferdchen St.Pauli"},"content":{"rendered":"\n<h3 class=\"wp-block-heading\">Informationen \u00fcber die Gruppe:<\/h3>\n\n\n\n<p><strong>Alter der Sportler:<\/strong>&nbsp;5 &#8211; 7 Jahre<br><strong>Trainingsangebot:<\/strong>&nbsp;1 &#8211; 2 x 45min<br><strong>Ziel:<\/strong>&nbsp;Wir freuen uns \u00fcber jedes neue Kind, dass sich den wunderbaren Bewegungsraum Wasser kennenlernen m\u00f6chte. Wir m\u00f6chten die Kinder langsam an das neue Element heranf\u00fchren und sie bei ihren ersten Schritten anleiten und begleiten. Die Kleinen sollen lernen zu tauchen, sich zielgerichtet fortzubewegen, zu atmen, zu springen und sich wohlzuf\u00fchlen.<br>Da wir den Kindern langfristig und nachhaltig den Bewegungsraum Wasser er\u00f6ffnen m\u00f6chten, ist es nicht unser Ziel, dass nach 10 Einheiten alle Sportler ihr Abzeichen &#8222;Seepferdchen&#8220; bekommen. Stattdessen sollen sich die J\u00fcngsten ein Repertoire an Bewegungen erarbeiten, mit dem sie umgehen k\u00f6nnen und die Grundlagen f\u00fcr den \u00dcbergang in die n\u00e4chste Gruppe erlernen. Am Ende steht nat\u00fcrlich trotzdem das hei\u00df begehrte &#8222;Seepferdchen&#8220; &#8211; nur nicht im Turbo-Modus sondern mit Geduld und Nachhaltigkeit.<\/p>\n\n\n\n<h3 class=\"wp-block-heading\">Die Trainingszeiten:<\/h3>\n\n\n\n<figure class=\"wp-block-table\"><table><tbody><tr><td class=\"has-text-align-center\" data-align=\"center\"><strong>Verein<\/strong><\/td><td class=\"has-text-align-center\" data-align=\"center\"><strong>Trainingszeiten I<\/strong><\/td><td class=\"has-text-align-center\" data-align=\"center\"><strong>Trainingszeiten II<\/strong><\/td><td class=\"has-text-align-center\" data-align=\"center\"><strong>Trainer<\/strong><\/td><td class=\"has-text-align-center\" data-align=\"center\"><strong>Anmeldung<\/strong><\/td><\/tr><tr><td class=\"has-text-align-center\" data-align=\"center\">ATSV<br><br><br><\/td><td class=\"has-text-align-center\" data-align=\"center\">Dienstag&nbsp;<br>16:00 &#8211; 16:45<br>Dienstag&nbsp;<br>16:45 &#8211; 17:30<\/td><td class=\"has-text-align-center\" data-align=\"center\">Dienstag&nbsp;<br>17:30 &#8211; 18:15<br>Dienstag&nbsp;<br>18:15 &#8211; 19:00<\/td><td class=\"has-text-align-center\" data-align=\"center\">Silke Heidhoff<\/td><td class=\"has-text-align-center\" data-align=\"center\">\u00fcber die Schwimmwartin <br>Maike Schut<\/td><\/tr><tr><td class=\"has-text-align-center\" data-align=\"center\">ETV<\/td><td class=\"has-text-align-center\" data-align=\"center\">Auf Anfrage in der <br>Schwimmschule<\/td><td class=\"has-text-align-center\" data-align=\"center\"><\/td><td class=\"has-text-align-center\" data-align=\"center\"><\/td><td class=\"has-text-align-center\" data-align=\"center\">siehe Homepage der<br>&nbsp;<a href=\"https:\/\/www.schwimmschule-turmweg.de\/\">Schwimmschule Turmweg<\/a><\/td><\/tr><tr><td class=\"has-text-align-center\" data-align=\"center\">HTB<\/td><td class=\"has-text-align-center\" data-align=\"center\">Montag&nbsp;<br>17:00 &#8211; 17:45<br>Montag&nbsp;<br>17:45 &#8211; 18:30<br>Montag&nbsp;<br>18:30 &#8211; 19:00<\/td><td class=\"has-text-align-center\" data-align=\"center\">Mittwoch&nbsp;<br>16:00 &#8211; 16:45<br>Mittwoch&nbsp;<br>16:45 &#8211; 17:30<br>Mittwoch&nbsp;<br>17:30 &#8211; 18:15<\/td><td class=\"has-text-align-center\" data-align=\"center\">Berit Schl\u00fcnz<\/td><td class=\"has-text-align-center\" data-align=\"center\">per Mail an<br>berit.schluenz@sg-hamburg-west.de<\/td><\/tr><\/tbody><\/table><\/figure>\n\n\n\n<figure class=\"wp-block-table\"><table><tbody><tr><td class=\"has-text-align-right\" data-align=\"right\"><a href=\"https:\/\/www.sg-hamburg-west.de\/wordpress\/schildkroeten-st-pauli\/\" data-type=\"page\" data-id=\"282\">n\u00e4chste Gruppe<\/a><\/td><\/tr><\/tbody><\/table><\/figure>\n","protected":false},"excerpt":{"rendered":"<p>Informationen \u00fcber die Gruppe: Alter der Sportler:&nbsp;5 &#8211; 7 JahreTrainingsangebot:&nbsp;1 &#8211; 2 x 45minZiel:&nbsp;Wir freuen uns \u00fcber jedes neue Kind, dass sich den wunderbaren Bewegungsraum Wasser kennenlernen m\u00f6chte. Wir m\u00f6chten [&hellip;]<\/p>\n","protected":false},"author":1,"featured_media":0,"parent":0,"menu_order":0,"comment_status":"closed","ping_status":"closed","template":"","meta":{"footnotes":""},"class_list":["post-281","page","type-page","status-publish","hentry"],"_links":{"self":[{"href":"https:\/\/www.sg-hamburg-west.de\/wordpress\/wp-json\/wp\/v2\/pages\/281","targetHints":{"allow":["GET"]}}],"collection":[{"href":"https:\/\/www.sg-hamburg-west.de\/wordpress\/wp-json\/wp\/v2\/pages"}],"about":[{"href":"https:\/\/www.sg-hamburg-west.de\/wordpress\/wp-json\/wp\/v2\/types\/page"}],"author":[{"embeddable":true,"href":"https:\/\/www.sg-hamburg-west.de\/wordpress\/wp-json\/wp\/v2\/users\/1"}],"replies":[{"embeddable":true,"href":"https:\/\/www.sg-hamburg-west.de\/wordpress\/wp-json\/wp\/v2\/comments?post=281"}],"version-history":[{"count":6,"href":"https:\/\/www.sg-hamburg-west.de\/wordpress\/wp-json\/wp\/v2\/pages\/281\/revisions"}],"predecessor-version":[{"id":350,"href":"https:\/\/www.sg-hamburg-west.de\/wordpress\/wp-json\/wp\/v2\/pages\/281\/revisions\/350"}],"wp:attachment":[{"href":"https:\/\/www.sg-hamburg-west.de\/wordpress\/wp-json\/wp\/v2\/media?parent=281"}],"curies":[{"name":"wp","href":"https:\/\/api.w.org\/{rel}","templated":true}]}}