{"id":284,"date":"2023-01-22T15:08:06","date_gmt":"2023-01-22T14:08:06","guid":{"rendered":"https:\/\/www.sg-hamburg-west.de\/wordpress\/?page_id=284"},"modified":"2026-02-15T21:40:12","modified_gmt":"2026-02-15T20:40:12","slug":"delphine-st-pauli","status":"publish","type":"page","link":"https:\/\/www.sg-hamburg-west.de\/wordpress\/delphine-st-pauli\/","title":{"rendered":"Delphine Wandsbek (ehemals St. Pauli)"},"content":{"rendered":"\n<h3 class=\"wp-block-heading\">Informationen \u00fcber die Gruppe:<\/h3>\n\n\n\n<p>W\u00e4hrend der Schlie\u00dfzeit der Schwimmhalle St. Pauli (bis Sommer 2028) trainieren die Delphine in der Alsterschwimmhalle (ASH) und in Wandsbek (Wendemuthstra\u00dfe).<\/p>\n\n\n\n<p><strong>Alter der Sportler:<\/strong>&nbsp;8 \u2013 11 Jahre<br><strong>Trainingsangebot:<\/strong>&nbsp;3 x 90min<br><strong>Ziel:<\/strong>&nbsp;Die Sportlerinnen und Sportler sollen sich in dieser vereins\u00fcbergreifend trainierenden Gruppe best\u00e4ndig weiterentwickeln und ihr Bewegungsrepertoire weiter vergr\u00f6\u00dfern. Daf\u00fcr unabdingbar ist eine regelm\u00e4\u00dfige Teilnahme an den Trainingseinheiten und erste Fahrten ins Trainingslager. Dabei kommen nat\u00fcrlich auch Spiel und Spa\u00df nicht zu kurz, um den heranwachsenden Athleten Teamgeist und ein faires Miteinander zu vermitteln.<br>Wichtige Wettk\u00e4mpfe sind die DMS-J, der Landesvielseitigkeitstest (fr\u00fcher Sichtung) sowie die von unserer SG ausgerichteten Nachwuchswettk\u00e4mpfe.<\/p>\n\n\n\n<h3 class=\"wp-block-heading\">Die Trainingszeiten:<\/h3>\n\n\n\n<figure class=\"wp-block-table\"><table><tbody><tr><td class=\"has-text-align-center\" data-align=\"center\"><strong>Wochentag<\/strong><\/td><td class=\"has-text-align-center\" data-align=\"center\"><strong>Wasserzeit<\/strong><\/td><td class=\"has-text-align-center\" data-align=\"center\"><strong>Trainerin<\/strong><\/td><td class=\"has-text-align-center\" data-align=\"center\"><strong>Ort<\/strong><\/td><\/tr><tr><td class=\"has-text-align-center\" data-align=\"center\">Dienstag<\/td><td class=\"has-text-align-center\" data-align=\"center\">17:00-18:00<\/td><td class=\"has-text-align-center\" data-align=\"center\">Berit<\/td><td class=\"has-text-align-center\" data-align=\"center\">Wandsbek (2 Bahnen)<\/td><\/tr><tr><td class=\"has-text-align-center\" data-align=\"center\">Donnerstag<\/td><td class=\"has-text-align-center\" data-align=\"center\">17:00-18:00<\/td><td class=\"has-text-align-center\" data-align=\"center\">Mario<\/td><td class=\"has-text-align-center\" data-align=\"center\">ASH (25m, 1 Bahn)<\/td><\/tr><tr><td class=\"has-text-align-center\" data-align=\"center\">Freitag<\/td><td class=\"has-text-align-center\" data-align=\"center\">16:00-18:00<\/td><td class=\"has-text-align-center\" data-align=\"center\">Ida<\/td><td class=\"has-text-align-center\" data-align=\"center\">Wandsbek (2 Bahnen)<\/td><\/tr><\/tbody><\/table><\/figure>\n\n\n\n<figure class=\"wp-block-table\"><table><tbody><tr><td><a href=\"https:\/\/www.sg-hamburg-west.de\/wordpress\/goldfische-st-pauli\/\" data-type=\"page\" data-id=\"283\">vorherige Gruppe<\/a><\/td><td class=\"has-text-align-right\" data-align=\"right\"><a href=\"https:\/\/www.sg-hamburg-west.de\/wordpress\/haie-st-pauli\/\" data-type=\"page\" data-id=\"285\">n\u00e4chste Gruppe<\/a><\/td><\/tr><\/tbody><\/table><\/figure>\n","protected":false},"excerpt":{"rendered":"<p>Informationen \u00fcber die Gruppe: W\u00e4hrend der Schlie\u00dfzeit der Schwimmhalle St. Pauli (bis Sommer 2028) trainieren die Delphine in der Alsterschwimmhalle (ASH) und in Wandsbek (Wendemuthstra\u00dfe). Alter der Sportler:&nbsp;8 \u2013 11 [&hellip;]<\/p>\n","protected":false},"author":1,"featured_media":0,"parent":0,"menu_order":0,"comment_status":"closed","ping_status":"closed","template":"","meta":{"footnotes":""},"class_list":["post-284","page","type-page","status-publish","hentry"],"_links":{"self":[{"href":"https:\/\/www.sg-hamburg-west.de\/wordpress\/wp-json\/wp\/v2\/pages\/284","targetHints":{"allow":["GET"]}}],"collection":[{"href":"https:\/\/www.sg-hamburg-west.de\/wordpress\/wp-json\/wp\/v2\/pages"}],"about":[{"href":"https:\/\/www.sg-hamburg-west.de\/wordpress\/wp-json\/wp\/v2\/types\/page"}],"author":[{"embeddable":true,"href":"https:\/\/www.sg-hamburg-west.de\/wordpress\/wp-json\/wp\/v2\/users\/1"}],"replies":[{"embeddable":true,"href":"https:\/\/www.sg-hamburg-west.de\/wordpress\/wp-json\/wp\/v2\/comments?post=284"}],"version-history":[{"count":4,"href":"https:\/\/www.sg-hamburg-west.de\/wordpress\/wp-json\/wp\/v2\/pages\/284\/revisions"}],"predecessor-version":[{"id":677,"href":"https:\/\/www.sg-hamburg-west.de\/wordpress\/wp-json\/wp\/v2\/pages\/284\/revisions\/677"}],"wp:attachment":[{"href":"https:\/\/www.sg-hamburg-west.de\/wordpress\/wp-json\/wp\/v2\/media?parent=284"}],"curies":[{"name":"wp","href":"https:\/\/api.w.org\/{rel}","templated":true}]}}