{"id":285,"date":"2023-01-22T15:08:06","date_gmt":"2023-01-22T14:08:06","guid":{"rendered":"https:\/\/www.sg-hamburg-west.de\/wordpress\/?page_id=285"},"modified":"2026-02-15T21:32:53","modified_gmt":"2026-02-15T20:32:53","slug":"haie-st-pauli","status":"publish","type":"page","link":"https:\/\/www.sg-hamburg-west.de\/wordpress\/haie-st-pauli\/","title":{"rendered":"Haie Wandsbek \/ASH (ehemals St. Pauli)"},"content":{"rendered":"\n<h3 class=\"wp-block-heading\">Informationen \u00fcber die Gruppe:<\/h3>\n\n\n\n<p>W\u00e4hrend der Schlie\u00dfzeit der Schwimmhalle St. Pauli (bis Sommer 2028) trainieren die Haie in der Alsterschwimmhalle (ASH), in Wandsbek (Wendemuthstra\u00dfe) und in Blankenese (Simrockstra\u00dfe bzw. F\u00fchrungsakademie).  <\/p>\n\n\n\n<p><strong>Alter der Sportler:<\/strong>&nbsp;10 \u2013 13 Jahre<br><strong>Trainingsangebot:<\/strong>&nbsp;3 x 90min<br><strong>Ziel:<\/strong>&nbsp;Die Hai-Gruppe hat neben den sportlichen Zielen auch verst\u00e4rkt soziale Ziele. \u00dcber ein regelm\u00e4\u00dfiges Training, dass die vorhandene Grundlagenausdauer weiter verbessern soll, haben die Sportler die M\u00f6glichkeit sich f\u00fcr ihre ersten hamburger Meisterschaften zu qualifizieren. Es werden zwei Trainingslager pro Jahr angeboten, von denen eins genutzt werden soll.<br>Zudem sollen die Athleten Aufgaben in der Schwimmhalle \u00fcbernehmen (Trainingsmaterialien wegr\u00e4umen), sich den anderen Sportlern gegen\u00fcber fair verhalten, eine Vorbildfunktion \u00fcbernehmen und zu einem selbstst\u00e4ndigen, bewussten Training animiert werden.<br>Eine Teilnahme an der DMS, der DMS-J sowie an den SG-West Nachwuchswettk\u00e4mpfen wird vorausgesetzt.<\/p>\n\n\n\n<h3 class=\"wp-block-heading\">Die Trainingszeiten:<\/h3>\n\n\n\n<figure class=\"wp-block-table\"><table><tbody><tr><td><strong>Wochentag<\/strong><\/td><td><strong>Wasserzeit<\/strong><\/td><td><strong>Trainerin<\/strong><\/td><td><strong>Ort<\/strong><\/td><\/tr><tr><td>Montag<\/td><td>16:00-17:00<\/td><td>Ida<\/td><td>ASH (25m Halle, 1 Bahn)<\/td><\/tr><tr><td>alternativ:<br>Montag<\/td><td>17:00-19:00<\/td><td>nn<\/td><td>Blankenese (2 Bahnen)<\/td><\/tr><tr><td>Dienstag<\/td><td>18:80-20:00<\/td><td>Ida<\/td><td>Wandsbek (1 Bahn)<\/td><\/tr><tr><td>Mittwoch<\/td><td>18:00-19:00<\/td><td>Ida<\/td><td>Wandsbek (2 Bahnen)<\/td><\/tr><tr><td>Freitag<\/td><td>18:00-20:00<\/td><td>Ida \/ Selim<\/td><td>F\u00fcAk Blankenese (Treffpunkt 17:40)<\/td><\/tr><\/tbody><\/table><\/figure>\n\n\n\n<figure class=\"wp-block-table\"><table><tbody><tr><td><a href=\"https:\/\/www.sg-hamburg-west.de\/wordpress\/delphine-st-pauli\/\" data-type=\"page\" data-id=\"284\">vorherige Gruppe<\/a><\/td><td><a href=\"https:\/\/www.sg-hamburg-west.de\/wordpress\/leistungsgruppe\/\" data-type=\"page\" data-id=\"158\">n\u00e4chste Gruppe<\/a><\/td><\/tr><\/tbody><\/table><\/figure>\n","protected":false},"excerpt":{"rendered":"<p>Informationen \u00fcber die Gruppe: W\u00e4hrend der Schlie\u00dfzeit der Schwimmhalle St. Pauli (bis Sommer 2028) trainieren die Haie in der Alsterschwimmhalle (ASH), in Wandsbek (Wendemuthstra\u00dfe) und in Blankenese (Simrockstra\u00dfe bzw. F\u00fchrungsakademie). [&hellip;]<\/p>\n","protected":false},"author":1,"featured_media":0,"parent":0,"menu_order":0,"comment_status":"closed","ping_status":"closed","template":"","meta":{"footnotes":""},"class_list":["post-285","page","type-page","status-publish","hentry"],"_links":{"self":[{"href":"https:\/\/www.sg-hamburg-west.de\/wordpress\/wp-json\/wp\/v2\/pages\/285","targetHints":{"allow":["GET"]}}],"collection":[{"href":"https:\/\/www.sg-hamburg-west.de\/wordpress\/wp-json\/wp\/v2\/pages"}],"about":[{"href":"https:\/\/www.sg-hamburg-west.de\/wordpress\/wp-json\/wp\/v2\/types\/page"}],"author":[{"embeddable":true,"href":"https:\/\/www.sg-hamburg-west.de\/wordpress\/wp-json\/wp\/v2\/users\/1"}],"replies":[{"embeddable":true,"href":"https:\/\/www.sg-hamburg-west.de\/wordpress\/wp-json\/wp\/v2\/comments?post=285"}],"version-history":[{"count":6,"href":"https:\/\/www.sg-hamburg-west.de\/wordpress\/wp-json\/wp\/v2\/pages\/285\/revisions"}],"predecessor-version":[{"id":675,"href":"https:\/\/www.sg-hamburg-west.de\/wordpress\/wp-json\/wp\/v2\/pages\/285\/revisions\/675"}],"wp:attachment":[{"href":"https:\/\/www.sg-hamburg-west.de\/wordpress\/wp-json\/wp\/v2\/media?parent=285"}],"curies":[{"name":"wp","href":"https:\/\/api.w.org\/{rel}","templated":true}]}}